{"id":187,"date":"2018-05-04T10:48:11","date_gmt":"2018-05-04T08:48:11","guid":{"rendered":"http:\/\/www.vintouraine.com\/?page_id=187\/"},"modified":"2018-06-29T12:20:59","modified_gmt":"2018-06-29T10:20:59","slug":"grape-4-colors","status":"publish","type":"page","link":"https:\/\/www.vintouraine.com\/en\/aoc-touraine\/grape-4-colors\/","title":{"rendered":"Grape &#038; 4 colors"},"content":{"rendered":"<section class=\"wpb-content-wrapper\"><p>[vc_row][vc_column width=&#8221;1\/2&#8243;][vc_column_text]<\/p>\n<h2 class=\"p1\" style=\"text-align: left;\">The diversity of the grape varieties<\/h2>\n<p>[\/vc_column_text][vc_column_text]The AOP Touraine includes a wide range of grape varieties, even if some of them are quite dominant like sauvignon for white wines, and gamay, cabernet franc and c\u00f4t for red wines.<\/p>\n<p>With the exception of the Touraine whites, made exclusively from sauvignon grapes, the other AOP Touraine wines are the result of artful blending, and they are crafted by each winemaker. This results in wines with a very unique final color.[\/vc_column_text][\/vc_column][vc_column width=&#8221;1\/2&#8243;][vc_single_image image=&#8221;1365&#8243; img_size=&#8221;530&#215;200&#8243;][\/vc_column][\/vc_row][vc_row][vc_column width=&#8221;1\/2&#8243; el_class=&#8221;column&#8211;yellow&#8221; css=&#8221;.vc_custom_1525352518087{padding-top: 15px&nbsp;!important;padding-right: 15px&nbsp;!important;padding-bottom: 15px&nbsp;!important;padding-left: 15px&nbsp;!important;}&#8221;][vc_column_text el_class=&#8221;title-column title-column&#8211;yellow&#8221;]<strong>SAUVIGNON<\/strong>[\/vc_column_text][vc_column_text]Native to the Loire valley, sauvignon is a white grape variety known for its crispness and liveliness. An early ripening grape, with character, sauvignon produces dry wines with a range of fruity aromas, notes of citrus, exotic fruit and a hint of white flowers. Touraine Sauvignon is considered as one of the best in the world, and it wins numerous awards and distinctions every year.[\/vc_column_text][vc_column_text el_class=&#8221;title-column title-column&#8211;darkred&#8221;]<strong>GAMAY<\/strong>[\/vc_column_text][vc_column_text]Originally from the south of the Burgundy region, gamay is a red grape variety that is known for its delicacy. An early and delicate varietal, gamay produces supple and likeable wines, the robe is bright red with purple tints, notes are usually fruity and sometimes spicy.[\/vc_column_text][vc_column_text el_class=&#8221;title-column title-column&#8211;red&#8221;]<strong>C\u00d4T<\/strong>[\/vc_column_text][vc_column_text]Originally from the South West, c\u00f4t (also known as Malbec) is a grape variety known for its strength. While it may ripen early, c\u00f4t produces rich and robust wines, with a very deep colored robe, it has a wide range of aromas in particular black fruits, tobacco, sometimes plum or licorice. It makes wine that can be aged.[\/vc_column_text][vc_column_text el_class=&#8221;title-column title-column&#8211;purple&#8221;]<strong>CABERNET FRANC<\/strong>[\/vc_column_text][vc_column_text]Originally from the South West, cabernet franc is a grape variety known for its vitality. A variety that ripens late, cabernet franc produces supple and fruity wines, with raspberry, red berry and blackcurrant notes.[\/vc_column_text][\/vc_column][vc_column width=&#8221;1\/2&#8243;][vc_column_text]<\/p>\n<h3>AOP Touraine vine planting<\/h3>\n<h4>Surface production per grape variety<\/h4>\n<p>[\/vc_column_text][vc_single_image image=&#8221;472&#8243; img_size=&#8221;large&#8221; alignment=&#8221;center&#8221; onclick=&#8221;link_image&#8221; css_animation=&#8221;right-to-left&#8221;][\/vc_column][\/vc_row][vc_row][vc_column][vc_separator color=&#8221;custom&#8221; accent_color=&#8221;rgba(0,0,0,0.25)&#8221;][\/vc_column][\/vc_row][vc_row][vc_column][vc_column_text]<\/p>\n<h3 style=\"text-align: center;\">AOP TOURAINE WINES: POWERFUL AROMAS<\/h3>\n<p>[\/vc_column_text][vc_column_text el_class=&#8221;text&#8211;grey&#8221;]The AOP Touraine produces a wide range of still and sparkling wines: Touraine white, the best known one, is a fresh and aromatic wine, made from sauvignon grapes, Touraine reds and ros\u00e9s, without forgetting the sparkling Touraine wines.[\/vc_column_text][vc_single_image image=&#8221;337&#8243; img_size=&#8221;830&#215;200&#8243; alignment=&#8221;center&#8221; onclick=&#8221;link_image&#8221; css_animation=&#8221;appear&#8221;][vc_row_inner][vc_column_inner][vc_column_text]<\/p>\n<h3 style=\"text-align: left;\"><img decoding=\"async\" class=\"alignnone wp-image-148 \" src=\"https:\/\/www.vintouraine.com\/wp-content\/uploads\/2018\/05\/icon-vins-blancs.png\" alt=\"\" width=\"54\" height=\"20\" \/>\u00a0WHITE WINES<\/h3>\n<p>[\/vc_column_text][vc_separator][vc_column_text]<strong>100% SAUVIGNON&nbsp;:<\/strong><\/p>\n<p>These wines often have a pale robe and an aromatic offering ranging from fruity notes similar to citrus fruits or exotic fruit, to floral notes, similar to white flowers.<\/p>\n<p>The finish has a fresh feeling.<\/p>\n<p>&nbsp;[\/vc_column_text][vc_column_text]<\/p>\n<h3 style=\"text-align: left;\"><img decoding=\"async\" class=\"alignnone wp-image-149 \" src=\"https:\/\/www.vintouraine.com\/wp-content\/uploads\/2018\/05\/icon-vins-roses.png\" alt=\"\" width=\"54\" height=\"20\" \/>\u00a0ROS\u00c9 WINES<\/h3>\n<p>[\/vc_column_text][vc_separator][vc_column_text]<\/p>\n<p class=\"p1\">Wines made from two grape varieties, among the following: cabernet franc, cabernet sauvignon, c\u00f4t, gamay, grolleau, grolleau gris, meunier, pineau d&#8217;Aunis, pinot gris and pinot noir. The main grape variety must not exceed 70%. The ros\u00e9 wines, with a pale and bright color, have a panel of aromas including small red fruits and citrus.<\/p>\n<p>&nbsp;[\/vc_column_text][vc_column_text]<\/p>\n<h3 style=\"text-align: left;\"><img decoding=\"async\" class=\"alignnone wp-image-152 \" src=\"https:\/\/www.vintouraine.com\/wp-content\/uploads\/2018\/05\/icon-vins-rouges.png\" alt=\"\" width=\"54\" height=\"20\" \/>\u00a0RED WINES<\/h3>\n<p>[\/vc_column_text][vc_separator][vc_column_text]<strong>TWO TYPES OF WINE:<\/strong><\/p>\n<ul>\n<li><strong>Fruity and light: Touraine Gamay<\/strong>: 85% minimum + cabernet franc, cabernet sauvignon, pinot noir or c\u00f4t.<\/li>\n<\/ul>\n<p>These wines often have a cherry colored robe and generally reveal warm red berry notes with silky tannins. They are well balanced wines, light and delicate at the same time.<\/p>\n<ul>\n<li><strong>Fruity and structured: Touraine Rouge<\/strong>: 80% C\u00f4t or cabernet franc (must contain 15% c\u00f4t minimum) + cabernet sauvignon, pinot noir or gamay. By 2030, this type of wine will have to include a minimum of 50% c\u00f4t with no maximum limit.<\/li>\n<\/ul>\n<p>Strong and elegant wines, with a very good tannic structure. Notes of both red and black fruits, the robe goes from dark ruby to dark garnet.[\/vc_column_text][vc_column_text]<\/p>\n<h3 style=\"text-align: left;\"><img decoding=\"async\" class=\"alignnone wp-image-143 \" src=\"https:\/\/www.vintouraine.com\/wp-content\/uploads\/2018\/05\/icon-bulles-blanches.png\" alt=\"\" width=\"54\" height=\"20\" \/>\u00a0WHITE SPARKLING WINE<\/h3>\n<p>[\/vc_column_text][vc_separator][vc_column_text]<strong>TRADITIONAL METHOD<\/strong><\/p>\n<p>Wines produced from the following grape varieties: chardonnay, chenin, cabernet, franc, grolleau, grolleau gris, orbois, pineau d&#8217;Aunis, pinot noir.<\/p>\n<p>Chenin or orbois represent at least 60%. Chardonnay can count for up to 40%. This sparkling wine has a dominantly acidic structure which makes it delicate and fresh at the same time. The acidity comes with fruity notes. Hints of brioche can develop over time.[\/vc_column_text][vc_column_text]<\/p>\n<h3 style=\"text-align: left;\"><img decoding=\"async\" class=\"alignnone wp-image-146 \" src=\"https:\/\/www.vintouraine.com\/wp-content\/uploads\/2018\/05\/icon-bulles-rosees.png\" alt=\"\" width=\"54\" height=\"20\" \/>\u00a0SPARKLING ROS\u00c9<\/h3>\n<p>[\/vc_column_text][vc_separator][vc_column_text]<strong>TRADITIONAL METHOD<\/strong><\/p>\n<p>Wines made from two grape varieties, among the following: cabernet franc, cabernet sauvignon, c\u00f4t, gamay, grolleau, grolleau gris, meunier, pineau d&#8217;Aunis, pinot gris and pinot nor. The main grape variety must not exceed 70%.<\/p>\n<p class=\"p1\">The sparkling ros\u00e9s are fruity and aromatic wines, with a very elegant nose.<\/p>\n<p>[\/vc_column_text][\/vc_column_inner][\/vc_row_inner][\/vc_column][\/vc_row]<\/p>\n<\/section>","protected":false},"excerpt":{"rendered":"<p>[vc_row][vc_column width=&#8221;1\/2&#8243;][vc_column_text] The diversity of the grape varieties [\/vc_column_text][vc_column_text]The AOP Touraine includes a wide range of grape varieties, even if some of them are quite dominant like sauvignon for white wines, and gamay, cabernet franc and c\u00f4t for red wines. With the exception of the Touraine whites, made exclusively from sauvignon grapes, the other AOP<\/p>","protected":false},"author":1,"featured_media":0,"parent":193,"menu_order":0,"comment_status":"closed","ping_status":"closed","template":"","meta":{"_acf_changed":false,"ngg_post_thumbnail":0,"footnotes":""},"class_list":["post-187","page","type-page","status-publish","hentry"],"acf":[],"yoast_head":"<!-- This site is optimized with the Yoast SEO plugin v27.3 - https:\/\/yoast.com\/product\/yoast-seo-wordpress\/ -->\n<title>Grape &amp; 4 colors - AOC Touraine Val de Loire<\/title>\n<meta name=\"description\" content=\"The AOP Touraine includes a wide range of grape varieties, even if some of them are quite dominant like sauvignon for white wines, and gamay, cabernet franc and c\u00f4t for red wines.\" \/>\n<meta name=\"robots\" content=\"index, follow, max-snippet:-1, max-image-preview:large, max-video-preview:-1\" \/>\n<link rel=\"canonical\" href=\"https:\/\/www.vintouraine.com\/en\/aoc-touraine\/grape-4-colors\/\" \/>\n<meta property=\"og:locale\" content=\"en_US\" \/>\n<meta property=\"og:type\" content=\"article\" \/>\n<meta property=\"og:title\" content=\"Grape &amp; 4 colors - AOC Touraine Val de Loire\" \/>\n<meta property=\"og:description\" content=\"The AOP Touraine includes a wide range of grape varieties, even if some of them are quite dominant like sauvignon for white wines, and gamay, cabernet franc and c\u00f4t for red wines.\" \/>\n<meta property=\"og:url\" content=\"https:\/\/www.vintouraine.com\/en\/aoc-touraine\/grape-4-colors\/\" \/>\n<meta property=\"og:site_name\" content=\"AOC Touraine Val de Loire\" \/>\n<meta property=\"article:publisher\" content=\"https:\/\/www.facebook.com\/aoctouraine\/\" \/>\n<meta property=\"article:modified_time\" content=\"2018-06-29T10:20:59+00:00\" \/>\n<meta property=\"og:image\" content=\"https:\/\/www.vintouraine.com\/wp-content\/uploads\/2018\/05\/icon-vins-blancs.png\" \/>\n<meta name=\"twitter:card\" content=\"summary_large_image\" \/>\n<meta name=\"twitter:site\" content=\"@AOCTouraine\" \/>\n<meta name=\"twitter:label1\" content=\"Est. reading time\" \/>\n\t<meta name=\"twitter:data1\" content=\"5 minutes\" \/>\n<script type=\"application\/ld+json\" class=\"yoast-schema-graph\">{\"@context\":\"https:\\\/\\\/schema.org\",\"@graph\":[{\"@type\":\"WebPage\",\"@id\":\"https:\\\/\\\/www.vintouraine.com\\\/en\\\/aoc-touraine\\\/grape-4-colors\\\/\",\"url\":\"https:\\\/\\\/www.vintouraine.com\\\/en\\\/aoc-touraine\\\/grape-4-colors\\\/\",\"name\":\"Grape & 4 colors - AOC Touraine Val de Loire\",\"isPartOf\":{\"@id\":\"https:\\\/\\\/www.vintouraine.com\\\/#website\"},\"primaryImageOfPage\":{\"@id\":\"https:\\\/\\\/www.vintouraine.com\\\/en\\\/aoc-touraine\\\/grape-4-colors\\\/#primaryimage\"},\"image\":{\"@id\":\"https:\\\/\\\/www.vintouraine.com\\\/en\\\/aoc-touraine\\\/grape-4-colors\\\/#primaryimage\"},\"thumbnailUrl\":\"https:\\\/\\\/www.vintouraine.com\\\/wp-content\\\/uploads\\\/2018\\\/05\\\/icon-vins-blancs.png\",\"datePublished\":\"2018-05-04T08:48:11+00:00\",\"dateModified\":\"2018-06-29T10:20:59+00:00\",\"description\":\"The AOP Touraine includes a wide range of grape varieties, even if some of them are quite dominant like sauvignon for white wines, and gamay, cabernet franc and c\u00f4t for red wines.\",\"breadcrumb\":{\"@id\":\"https:\\\/\\\/www.vintouraine.com\\\/en\\\/aoc-touraine\\\/grape-4-colors\\\/#breadcrumb\"},\"inLanguage\":\"en-US\",\"potentialAction\":[{\"@type\":\"ReadAction\",\"target\":[\"https:\\\/\\\/www.vintouraine.com\\\/en\\\/aoc-touraine\\\/grape-4-colors\\\/\"]}]},{\"@type\":\"ImageObject\",\"inLanguage\":\"en-US\",\"@id\":\"https:\\\/\\\/www.vintouraine.com\\\/en\\\/aoc-touraine\\\/grape-4-colors\\\/#primaryimage\",\"url\":\"https:\\\/\\\/www.vintouraine.com\\\/wp-content\\\/uploads\\\/2018\\\/05\\\/icon-vins-blancs.png\",\"contentUrl\":\"https:\\\/\\\/www.vintouraine.com\\\/wp-content\\\/uploads\\\/2018\\\/05\\\/icon-vins-blancs.png\"},{\"@type\":\"BreadcrumbList\",\"@id\":\"https:\\\/\\\/www.vintouraine.com\\\/en\\\/aoc-touraine\\\/grape-4-colors\\\/#breadcrumb\",\"itemListElement\":[{\"@type\":\"ListItem\",\"position\":1,\"name\":\"Home\",\"item\":\"https:\\\/\\\/www.vintouraine.com\\\/en\\\/\"},{\"@type\":\"ListItem\",\"position\":2,\"name\":\"AOP Touraine\",\"item\":\"https:\\\/\\\/www.vintouraine.com\\\/en\\\/aoc-touraine\\\/\"},{\"@type\":\"ListItem\",\"position\":3,\"name\":\"Grape &#038; 4 colors\"}]},{\"@type\":\"WebSite\",\"@id\":\"https:\\\/\\\/www.vintouraine.com\\\/#website\",\"url\":\"https:\\\/\\\/www.vintouraine.com\\\/\",\"name\":\"AOC Touraine Val de Loire\",\"description\":\"\",\"publisher\":{\"@id\":\"https:\\\/\\\/www.vintouraine.com\\\/#organization\"},\"potentialAction\":[{\"@type\":\"SearchAction\",\"target\":{\"@type\":\"EntryPoint\",\"urlTemplate\":\"https:\\\/\\\/www.vintouraine.com\\\/?s={search_term_string}\"},\"query-input\":{\"@type\":\"PropertyValueSpecification\",\"valueRequired\":true,\"valueName\":\"search_term_string\"}}],\"inLanguage\":\"en-US\"},{\"@type\":\"Organization\",\"@id\":\"https:\\\/\\\/www.vintouraine.com\\\/#organization\",\"name\":\"AOC TOURAINE\",\"url\":\"https:\\\/\\\/www.vintouraine.com\\\/\",\"logo\":{\"@type\":\"ImageObject\",\"inLanguage\":\"en-US\",\"@id\":\"https:\\\/\\\/www.vintouraine.com\\\/#\\\/schema\\\/logo\\\/image\\\/\",\"url\":\"https:\\\/\\\/www.vintouraine.com\\\/wp-content\\\/uploads\\\/2018\\\/05\\\/logo-aoc-touraine.png\",\"contentUrl\":\"https:\\\/\\\/www.vintouraine.com\\\/wp-content\\\/uploads\\\/2018\\\/05\\\/logo-aoc-touraine.png\",\"width\":330,\"height\":85,\"caption\":\"AOC TOURAINE\"},\"image\":{\"@id\":\"https:\\\/\\\/www.vintouraine.com\\\/#\\\/schema\\\/logo\\\/image\\\/\"},\"sameAs\":[\"https:\\\/\\\/www.facebook.com\\\/aoctouraine\\\/\",\"https:\\\/\\\/x.com\\\/AOCTouraine\"]}]}<\/script>\n<!-- \/ Yoast SEO plugin. -->","yoast_head_json":{"title":"Grape & 4 colors - AOC Touraine Val de Loire","description":"The AOP Touraine includes a wide range of grape varieties, even if some of them are quite dominant like sauvignon for white wines, and gamay, cabernet franc and c\u00f4t for red wines.","robots":{"index":"index","follow":"follow","max-snippet":"max-snippet:-1","max-image-preview":"max-image-preview:large","max-video-preview":"max-video-preview:-1"},"canonical":"https:\/\/www.vintouraine.com\/en\/aoc-touraine\/grape-4-colors\/","og_locale":"en_US","og_type":"article","og_title":"Grape & 4 colors - AOC Touraine Val de Loire","og_description":"The AOP Touraine includes a wide range of grape varieties, even if some of them are quite dominant like sauvignon for white wines, and gamay, cabernet franc and c\u00f4t for red wines.","og_url":"https:\/\/www.vintouraine.com\/en\/aoc-touraine\/grape-4-colors\/","og_site_name":"AOC Touraine Val de Loire","article_publisher":"https:\/\/www.facebook.com\/aoctouraine\/","article_modified_time":"2018-06-29T10:20:59+00:00","og_image":[{"url":"https:\/\/www.vintouraine.com\/wp-content\/uploads\/2018\/05\/icon-vins-blancs.png","type":"","width":"","height":""}],"twitter_card":"summary_large_image","twitter_site":"@AOCTouraine","twitter_misc":{"Est. reading time":"5 minutes"},"schema":{"@context":"https:\/\/schema.org","@graph":[{"@type":"WebPage","@id":"https:\/\/www.vintouraine.com\/en\/aoc-touraine\/grape-4-colors\/","url":"https:\/\/www.vintouraine.com\/en\/aoc-touraine\/grape-4-colors\/","name":"Grape & 4 colors - AOC Touraine Val de Loire","isPartOf":{"@id":"https:\/\/www.vintouraine.com\/#website"},"primaryImageOfPage":{"@id":"https:\/\/www.vintouraine.com\/en\/aoc-touraine\/grape-4-colors\/#primaryimage"},"image":{"@id":"https:\/\/www.vintouraine.com\/en\/aoc-touraine\/grape-4-colors\/#primaryimage"},"thumbnailUrl":"https:\/\/www.vintouraine.com\/wp-content\/uploads\/2018\/05\/icon-vins-blancs.png","datePublished":"2018-05-04T08:48:11+00:00","dateModified":"2018-06-29T10:20:59+00:00","description":"The AOP Touraine includes a wide range of grape varieties, even if some of them are quite dominant like sauvignon for white wines, and gamay, cabernet franc and c\u00f4t for red wines.","breadcrumb":{"@id":"https:\/\/www.vintouraine.com\/en\/aoc-touraine\/grape-4-colors\/#breadcrumb"},"inLanguage":"en-US","potentialAction":[{"@type":"ReadAction","target":["https:\/\/www.vintouraine.com\/en\/aoc-touraine\/grape-4-colors\/"]}]},{"@type":"ImageObject","inLanguage":"en-US","@id":"https:\/\/www.vintouraine.com\/en\/aoc-touraine\/grape-4-colors\/#primaryimage","url":"https:\/\/www.vintouraine.com\/wp-content\/uploads\/2018\/05\/icon-vins-blancs.png","contentUrl":"https:\/\/www.vintouraine.com\/wp-content\/uploads\/2018\/05\/icon-vins-blancs.png"},{"@type":"BreadcrumbList","@id":"https:\/\/www.vintouraine.com\/en\/aoc-touraine\/grape-4-colors\/#breadcrumb","itemListElement":[{"@type":"ListItem","position":1,"name":"Home","item":"https:\/\/www.vintouraine.com\/en\/"},{"@type":"ListItem","position":2,"name":"AOP Touraine","item":"https:\/\/www.vintouraine.com\/en\/aoc-touraine\/"},{"@type":"ListItem","position":3,"name":"Grape &#038; 4 colors"}]},{"@type":"WebSite","@id":"https:\/\/www.vintouraine.com\/#website","url":"https:\/\/www.vintouraine.com\/","name":"AOC Touraine Val de Loire","description":"","publisher":{"@id":"https:\/\/www.vintouraine.com\/#organization"},"potentialAction":[{"@type":"SearchAction","target":{"@type":"EntryPoint","urlTemplate":"https:\/\/www.vintouraine.com\/?s={search_term_string}"},"query-input":{"@type":"PropertyValueSpecification","valueRequired":true,"valueName":"search_term_string"}}],"inLanguage":"en-US"},{"@type":"Organization","@id":"https:\/\/www.vintouraine.com\/#organization","name":"AOC TOURAINE","url":"https:\/\/www.vintouraine.com\/","logo":{"@type":"ImageObject","inLanguage":"en-US","@id":"https:\/\/www.vintouraine.com\/#\/schema\/logo\/image\/","url":"https:\/\/www.vintouraine.com\/wp-content\/uploads\/2018\/05\/logo-aoc-touraine.png","contentUrl":"https:\/\/www.vintouraine.com\/wp-content\/uploads\/2018\/05\/logo-aoc-touraine.png","width":330,"height":85,"caption":"AOC TOURAINE"},"image":{"@id":"https:\/\/www.vintouraine.com\/#\/schema\/logo\/image\/"},"sameAs":["https:\/\/www.facebook.com\/aoctouraine\/","https:\/\/x.com\/AOCTouraine"]}]}},"_links":{"self":[{"href":"https:\/\/www.vintouraine.com\/en\/wp-json\/wp\/v2\/pages\/187\/"}],"collection":[{"href":"https:\/\/www.vintouraine.com\/en\/wp-json\/wp\/v2\/pages\/"}],"about":[{"href":"https:\/\/www.vintouraine.com\/en\/wp-json\/wp\/v2\/types\/page\/"}],"author":[{"embeddable":true,"href":"https:\/\/www.vintouraine.com\/en\/wp-json\/wp\/v2\/users\/1\/"}],"replies":[{"embeddable":true,"href":"https:\/\/www.vintouraine.com\/en\/wp-json\/wp\/v2\/comments\/?post=187"}],"version-history":[{"count":0,"href":"https:\/\/www.vintouraine.com\/en\/wp-json\/wp\/v2\/pages\/187\/revisions\/"}],"up":[{"embeddable":true,"href":"https:\/\/www.vintouraine.com\/en\/wp-json\/wp\/v2\/pages\/193\/"}],"wp:attachment":[{"href":"https:\/\/www.vintouraine.com\/en\/wp-json\/wp\/v2\/media\/?parent=187"}],"curies":[{"name":"wp","href":"https:\/\/api.w.org\/{rel}","templated":true}]}}