{"id":4107,"date":"2020-05-07T17:49:02","date_gmt":"2020-05-07T15:49:02","guid":{"rendered":"https:\/\/www.vintouraine.com\/aoc-touraine\/vins-ambassadeurs-2020\/"},"modified":"2020-05-19T15:41:06","modified_gmt":"2020-05-19T13:41:06","slug":"vins-ambassadeurs-2020","status":"publish","type":"page","link":"https:\/\/www.vintouraine.com\/en\/aoc-touraine\/vins-ambassadeurs-2020\/","title":{"rendered":"2020 ambassador wines"},"content":{"rendered":"<section class=\"wpb-content-wrapper\"><p>[vc_row][vc_column][vc_empty_space][vc_column_text]The AOP Touraine chose in January 2020 its ambassador wines for the five colors of wines produced in the appellation.<\/p>\n<p>You will discover below our <strong>43 ambassador wines<\/strong>&nbsp;:<\/p>\n<p>&nbsp;[\/vc_column_text][\/vc_column][\/vc_row][vc_row][vc_column][vc_column_text]<strong>Touraine White<\/strong>&nbsp;:<\/p>\n<ul>\n<li>Domaine de la Renaudie (<a href=\"http:\/\/domainedelarenaudie.com\/\">website<\/a>)&nbsp;: Touraine Sauvignon 2019<\/li>\n<li>Lionel Gosseaume (<a href=\"http:\/\/www.lionelgosseaume.fr\">website<\/a>)&nbsp;: Les Sauterelles 2019<\/li>\n<li>Domaine des Echardi\u00e8res (<a href=\"http:\/\/www.domaine-echardieres.com\/\">website<\/a>)&nbsp;: Touraine Sauvignon 2019<\/li>\n<li>Domaine Fran\u00e7ois Cartier&nbsp;: Touraine Sauvignon 2019<\/li>\n<li>Domaine des Chezelles (<a href=\"https:\/\/domaine-chezelles-vins-touraine.com\">website<\/a>)&nbsp;: Touraine Sauvignon 2019<\/li>\n<li>Clos Roussely (<a href=\"http:\/\/closroussely.fr\">website<\/a>)&nbsp;: Le Clos 2018<\/li>\n<li>Domaine du Chapitre (<a href=\"http:\/\/domaineduchapitre.com\">website<\/a>)&nbsp;: Le S 2019<\/li>\n<li>Domaine Michaud (<a href=\"http:\/\/www.domainemichaud.com\">website<\/a>)&nbsp;: Touraine Sauvignon 2019<\/li>\n<li>Domaine de la Rochette (<a href=\"http:\/\/www.vin-rochette-leclair.com\">website<\/a>)&nbsp;: Touraine Sauvignon 2019<\/li>\n<li>Domaine Joel Delaunay (<a href=\"https:\/\/www.joeldelaunay.com\">website<\/a>)&nbsp;: Touraine Sauvignon 2019<\/li>\n<li>Thomas Frissant (<a href=\"https:\/\/www.joeldelaunay.com\">website<\/a>)&nbsp;: Le chapeau comte 2019<\/li>\n<li>Domaine de la Chaise (<a href=\"https:\/\/www.domaine-de-la-chaise-41.com\">website<\/a>)&nbsp;: Touraine Sauvignon 2019<\/li>\n<li>Domaine des Corbilli\u00e8res (<a href=\"http:\/\/www.domainedescorbillieres.com\">website<\/a>)&nbsp;: Touraine Sauvignon 2019<\/li>\n<li>Domaine Merieau (<a href=\"http:\/\/www.merieau.com\/fr\/accueil\/\">website<\/a>)&nbsp;: l&#8217;arpent des vaudons 2019<\/li>\n<li>Les Pierres d&#8217;Aur\u00e8le (<a href=\"https:\/\/www.lespierresdaurele.com\">website<\/a>)&nbsp;: Vingt Mars 2018<\/li>\n<\/ul>\n<p>&nbsp;[\/vc_column_text][\/vc_column][\/vc_row][vc_row][vc_column][vc_single_image image=&#8221;4096&#8243; img_size=&#8221;large&#8221;][vc_single_image image=&#8221;4098&#8243; img_size=&#8221;large&#8221;][vc_separator color=&#8221;blue&#8221;][vc_column_text]&nbsp;<\/p>\n<p><strong>Touraine Gamay&nbsp;:<\/strong><\/p>\n<ul>\n<li>Domaine Pr\u00e9 Baron (<a href=\"http:\/\/www.domaineprebaron.com\/\">website<\/a>): Touraine Gamay 2019<\/li>\n<li>Confr\u00e9rie des vignerons de Oisly et Th\u00e9s\u00e9e (<a href=\"http:\/\/www.confrerie-oisly-thesee.fr\">website<\/a>)&nbsp;: Vall\u00e9e des Rois 2019<\/li>\n<li>Domaine Joel Delaunay (<a href=\"https:\/\/www.joeldelaunay.com\">website<\/a>)&nbsp;: Touraine Gamay 2019<\/li>\n<li>Domaine Beaus\u00e9jour (<a href=\"http:\/\/www.philippetrotignon.com\">website<\/a>): cuv\u00e9e Vincent 2018<\/li>\n<li>Thomas Frissant (<a href=\"https:\/\/thomasfrissant.com\">website<\/a>)&nbsp;: Les rosiers 2019<\/li>\n<li>Lionel Gosseaume (<a href=\"http:\/\/www.lionelgosseaume.fr\">website<\/a>)&nbsp;: Les marcottes 2018<\/li>\n<li>Domaine Raphael Midoir (<a href=\"http:\/\/www.raphael-midoir.com\">website<\/a>)&nbsp;: cuv\u00e9e Jean 2019<\/li>\n<\/ul>\n<p>&nbsp;[\/vc_column_text][\/vc_column][\/vc_row][vc_row][vc_column][vc_single_image image=&#8221;4086&#8243; img_size=&#8221;large&#8221;][vc_separator color=&#8221;blue&#8221;][\/vc_column][\/vc_row][vc_row][vc_column][vc_column_text]&nbsp;<\/p>\n<p><strong>Touraine Red&nbsp;:<\/strong><\/p>\n<ul>\n<li>Domaine Pr\u00e9 Baron (<a href=\"http:\/\/www.domaineprebaron.com\/\">website<\/a>): Carpe Diem 2018<\/li>\n<li>Domaine Merieau (<a href=\"http:\/\/www.merieau.com\/fr\/accueil\/\">website<\/a>)&nbsp;: Cent visages 2018<\/li>\n<li>Domaine Pascal Gibault (<a href=\"http:\/\/www.pascalgibault.com\">website<\/a>)&nbsp;: Emotion 2019<\/li>\n<li>Thomas Frissant (<a href=\"https:\/\/thomasfrissant.com\">website<\/a>): Le clos du sentier 2019<\/li>\n<li>La Chapini\u00e8re (<a href=\"http:\/\/www.domainedelachapiniere.com\">website<\/a>): Cuv\u00e9e Voltaire 2016<\/li>\n<li>Confr\u00e9rie des vignerons de Oisly et Th\u00e9s\u00e9e (<a href=\"http:\/\/www.confrerie-oisly-thesee.fr\">website<\/a>): Domaine Vallagon 2018<\/li>\n<li>Domaine Raphael Midoir (<a href=\"http:\/\/www.raphael-midoir.com\">website<\/a>)&nbsp;: Malbec 2018<\/li>\n<\/ul>\n<p>&nbsp;[\/vc_column_text][\/vc_column][\/vc_row][vc_row][vc_column][vc_single_image image=&#8221;4084&#8243; img_size=&#8221;large&#8221;][vc_separator color=&#8221;blue&#8221;][\/vc_column][\/vc_row][vc_row][vc_column][vc_column_text]&nbsp;<\/p>\n<p><strong>Touraine Ros\u00e9&nbsp;:<\/strong><\/p>\n<ul>\n<li>Domaine des Corbilli\u00e8res (<a href=\"http:\/\/www.domainedescorbillieres.com\">website<\/a>)&nbsp;: Touraine Ros\u00e9 2019<\/li>\n<li>Domaine Joel Delaunay (<a href=\"https:\/\/www.joeldelaunay.com\">website<\/a>): Les Cabotines 2019<\/li>\n<li>Les vignerons des coteaux romanais (<a href=\"https:\/\/www.cave-vcr.fr\">website<\/a>): Intr\u00e9pide 2019<\/li>\n<li>Domaine Michaud (<a href=\"http:\/\/www.domainemichaud.com\">website<\/a>)&nbsp;: Touraine Ros\u00e9 2019<\/li>\n<li>Lionel Gosseaume (<a href=\"http:\/\/www.lionelgosseaume.fr\">website<\/a>)&nbsp;: Les galipettes 2019<\/li>\n<li>Domaine Fran\u00e7ois Cartier&nbsp;: Pineau d\u2019Aunis 2019<\/li>\n<li>Domaine des Echardi\u00e8res (<a href=\"http:\/\/www.domaine-echardieres.com\/\">website<\/a>)&nbsp;: Touraine Ros\u00e9 2019<\/li>\n<li>Confr\u00e9rie des vignerons de Oisly et Th\u00e9s\u00e9e (<a href=\"http:\/\/www.confrerie-oisly-thesee.fr\">website<\/a>)&nbsp;: Vall\u00e9e des rois 2019<\/li>\n<\/ul>\n<p>&nbsp;[\/vc_column_text][\/vc_column][\/vc_row][vc_row][vc_column][vc_single_image image=&#8221;4088&#8243; img_size=&#8221;large&#8221;][vc_separator color=&#8221;blue&#8221;][\/vc_column][\/vc_row][vc_row][vc_column][vc_column_text]&nbsp;<\/p>\n<p><strong>Touraine Sparkling<\/strong>&nbsp;:<\/p>\n<ul>\n<li>Cave des producteurs de Montlouis (<a href=\"https:\/\/www.cave-montlouis.com\">website<\/a>)&nbsp;: Le jardin des rois<\/li>\n<li>Domaine Merieau (<a href=\"http:\/\/www.merieau.com\/fr\/accueil\/\">website<\/a>)&nbsp;: cuv\u00e9e Jos\u00e9phine 2017<\/li>\n<li>Maison Gandon&nbsp;: Le temps des bulles 2015<\/li>\n<li>Domaine des Pierrettes (<a href=\"https:\/\/www.domainedespierrettes.fr\">website<\/a>)&nbsp;: Fines Bulles 2017<\/li>\n<li>Domaine de la Chaise (<a href=\"https:\/\/www.domaine-de-la-chaise-41.com\">website<\/a>)&nbsp;: Fines Bulles<\/li>\n<li>Domaine Octavie (<a href=\"https:\/\/domaineoctavie.com\">website<\/a>): Cuv\u00e9e Pauline<\/li>\n<\/ul>\n<p>[\/vc_column_text][\/vc_column][\/vc_row][vc_row][vc_column][vc_single_image image=&#8221;4079&#8243; img_size=&#8221;large&#8221;][\/vc_column][\/vc_row]<\/p>\n<\/section>","protected":false},"excerpt":{"rendered":"<p>[vc_row][vc_column][vc_empty_space][vc_column_text]The AOP Touraine chose in January 2020 its ambassador wines for the five colors of wines produced in the appellation. You will discover below our 43 ambassador wines&nbsp;: &nbsp;[\/vc_column_text][\/vc_column][\/vc_row][vc_row][vc_column][vc_column_text]Touraine White&nbsp;: Domaine de la Renaudie (website)&nbsp;: Touraine Sauvignon 2019 Lionel Gosseaume (website)&nbsp;: Les Sauterelles 2019 Domaine des Echardi\u00e8res (website)&nbsp;: Touraine Sauvignon 2019 Domaine Fran\u00e7ois Cartier&nbsp;: Touraine<\/p>","protected":false},"author":3,"featured_media":0,"parent":193,"menu_order":0,"comment_status":"closed","ping_status":"closed","template":"","meta":{"_acf_changed":false,"ngg_post_thumbnail":0,"footnotes":""},"class_list":["post-4107","page","type-page","status-publish","hentry"],"acf":[],"yoast_head":"<!-- This site is optimized with the Yoast SEO plugin v27.3 - https:\/\/yoast.com\/product\/yoast-seo-wordpress\/ -->\n<title>2020 ambassador wines - AOC Touraine Val de Loire<\/title>\n<meta name=\"robots\" content=\"index, follow, max-snippet:-1, max-image-preview:large, max-video-preview:-1\" \/>\n<link rel=\"canonical\" href=\"https:\/\/vintouraine.com\/en\/aoc-touraine\/vins-ambassadeurs-2020\/\" \/>\n<meta property=\"og:locale\" content=\"en_US\" \/>\n<meta property=\"og:type\" content=\"article\" \/>\n<meta property=\"og:title\" content=\"2020 ambassador wines - AOC Touraine Val de Loire\" \/>\n<meta property=\"og:description\" content=\"[vc_row][vc_column][vc_empty_space][vc_column_text]The AOP Touraine chose in January 2020 its ambassador wines for the five colors of wines produced in the appellation. You will discover below our 43 ambassador wines&nbsp;: &nbsp;[\/vc_column_text][\/vc_column][\/vc_row][vc_row][vc_column][vc_column_text]Touraine White&nbsp;: Domaine de la Renaudie (website)&nbsp;: Touraine Sauvignon 2019 Lionel Gosseaume (website)&nbsp;: Les Sauterelles 2019 Domaine des Echardi\u00e8res (website)&nbsp;: Touraine Sauvignon 2019 Domaine Fran\u00e7ois Cartier&nbsp;: Touraine\" \/>\n<meta property=\"og:url\" content=\"https:\/\/vintouraine.com\/en\/aoc-touraine\/vins-ambassadeurs-2020\/\" \/>\n<meta property=\"og:site_name\" content=\"AOC Touraine Val de Loire\" \/>\n<meta property=\"article:publisher\" content=\"https:\/\/www.facebook.com\/aoctouraine\/\" \/>\n<meta property=\"article:modified_time\" content=\"2020-05-19T13:41:06+00:00\" \/>\n<meta name=\"twitter:card\" content=\"summary_large_image\" \/>\n<meta name=\"twitter:site\" content=\"@AOCTouraine\" \/>\n<meta name=\"twitter:label1\" content=\"Est. reading time\" \/>\n\t<meta name=\"twitter:data1\" content=\"3 minutes\" \/>\n<script type=\"application\/ld+json\" class=\"yoast-schema-graph\">{\"@context\":\"https:\\\/\\\/schema.org\",\"@graph\":[{\"@type\":\"WebPage\",\"@id\":\"https:\\\/\\\/vintouraine.com\\\/en\\\/aoc-touraine\\\/vins-ambassadeurs-2020\\\/\",\"url\":\"https:\\\/\\\/vintouraine.com\\\/en\\\/aoc-touraine\\\/vins-ambassadeurs-2020\\\/\",\"name\":\"2020 ambassador wines - AOC Touraine Val de Loire\",\"isPartOf\":{\"@id\":\"https:\\\/\\\/www.vintouraine.com\\\/#website\"},\"datePublished\":\"2020-05-07T15:49:02+00:00\",\"dateModified\":\"2020-05-19T13:41:06+00:00\",\"breadcrumb\":{\"@id\":\"https:\\\/\\\/vintouraine.com\\\/en\\\/aoc-touraine\\\/vins-ambassadeurs-2020\\\/#breadcrumb\"},\"inLanguage\":\"en-US\",\"potentialAction\":[{\"@type\":\"ReadAction\",\"target\":[\"https:\\\/\\\/vintouraine.com\\\/en\\\/aoc-touraine\\\/vins-ambassadeurs-2020\\\/\"]}]},{\"@type\":\"BreadcrumbList\",\"@id\":\"https:\\\/\\\/vintouraine.com\\\/en\\\/aoc-touraine\\\/vins-ambassadeurs-2020\\\/#breadcrumb\",\"itemListElement\":[{\"@type\":\"ListItem\",\"position\":1,\"name\":\"Home\",\"item\":\"https:\\\/\\\/vintouraine.com\\\/en\\\/\"},{\"@type\":\"ListItem\",\"position\":2,\"name\":\"AOP Touraine\",\"item\":\"https:\\\/\\\/vintouraine.com\\\/en\\\/aoc-touraine\\\/\"},{\"@type\":\"ListItem\",\"position\":3,\"name\":\"2020 ambassador wines\"}]},{\"@type\":\"WebSite\",\"@id\":\"https:\\\/\\\/www.vintouraine.com\\\/#website\",\"url\":\"https:\\\/\\\/www.vintouraine.com\\\/\",\"name\":\"AOC Touraine Val de Loire\",\"description\":\"\",\"publisher\":{\"@id\":\"https:\\\/\\\/www.vintouraine.com\\\/#organization\"},\"potentialAction\":[{\"@type\":\"SearchAction\",\"target\":{\"@type\":\"EntryPoint\",\"urlTemplate\":\"https:\\\/\\\/www.vintouraine.com\\\/?s={search_term_string}\"},\"query-input\":{\"@type\":\"PropertyValueSpecification\",\"valueRequired\":true,\"valueName\":\"search_term_string\"}}],\"inLanguage\":\"en-US\"},{\"@type\":\"Organization\",\"@id\":\"https:\\\/\\\/www.vintouraine.com\\\/#organization\",\"name\":\"AOC TOURAINE\",\"url\":\"https:\\\/\\\/www.vintouraine.com\\\/\",\"logo\":{\"@type\":\"ImageObject\",\"inLanguage\":\"en-US\",\"@id\":\"https:\\\/\\\/www.vintouraine.com\\\/#\\\/schema\\\/logo\\\/image\\\/\",\"url\":\"https:\\\/\\\/www.vintouraine.com\\\/wp-content\\\/uploads\\\/2018\\\/05\\\/logo-aoc-touraine.png\",\"contentUrl\":\"https:\\\/\\\/www.vintouraine.com\\\/wp-content\\\/uploads\\\/2018\\\/05\\\/logo-aoc-touraine.png\",\"width\":330,\"height\":85,\"caption\":\"AOC TOURAINE\"},\"image\":{\"@id\":\"https:\\\/\\\/www.vintouraine.com\\\/#\\\/schema\\\/logo\\\/image\\\/\"},\"sameAs\":[\"https:\\\/\\\/www.facebook.com\\\/aoctouraine\\\/\",\"https:\\\/\\\/x.com\\\/AOCTouraine\"]}]}<\/script>\n<!-- \/ Yoast SEO plugin. -->","yoast_head_json":{"title":"2020 ambassador wines - AOC Touraine Val de Loire","robots":{"index":"index","follow":"follow","max-snippet":"max-snippet:-1","max-image-preview":"max-image-preview:large","max-video-preview":"max-video-preview:-1"},"canonical":"https:\/\/vintouraine.com\/en\/aoc-touraine\/vins-ambassadeurs-2020\/","og_locale":"en_US","og_type":"article","og_title":"2020 ambassador wines - AOC Touraine Val de Loire","og_description":"[vc_row][vc_column][vc_empty_space][vc_column_text]The AOP Touraine chose in January 2020 its ambassador wines for the five colors of wines produced in the appellation. You will discover below our 43 ambassador wines&nbsp;: &nbsp;[\/vc_column_text][\/vc_column][\/vc_row][vc_row][vc_column][vc_column_text]Touraine White&nbsp;: Domaine de la Renaudie (website)&nbsp;: Touraine Sauvignon 2019 Lionel Gosseaume (website)&nbsp;: Les Sauterelles 2019 Domaine des Echardi\u00e8res (website)&nbsp;: Touraine Sauvignon 2019 Domaine Fran\u00e7ois Cartier&nbsp;: Touraine","og_url":"https:\/\/vintouraine.com\/en\/aoc-touraine\/vins-ambassadeurs-2020\/","og_site_name":"AOC Touraine Val de Loire","article_publisher":"https:\/\/www.facebook.com\/aoctouraine\/","article_modified_time":"2020-05-19T13:41:06+00:00","twitter_card":"summary_large_image","twitter_site":"@AOCTouraine","twitter_misc":{"Est. reading time":"3 minutes"},"schema":{"@context":"https:\/\/schema.org","@graph":[{"@type":"WebPage","@id":"https:\/\/vintouraine.com\/en\/aoc-touraine\/vins-ambassadeurs-2020\/","url":"https:\/\/vintouraine.com\/en\/aoc-touraine\/vins-ambassadeurs-2020\/","name":"2020 ambassador wines - AOC Touraine Val de Loire","isPartOf":{"@id":"https:\/\/www.vintouraine.com\/#website"},"datePublished":"2020-05-07T15:49:02+00:00","dateModified":"2020-05-19T13:41:06+00:00","breadcrumb":{"@id":"https:\/\/vintouraine.com\/en\/aoc-touraine\/vins-ambassadeurs-2020\/#breadcrumb"},"inLanguage":"en-US","potentialAction":[{"@type":"ReadAction","target":["https:\/\/vintouraine.com\/en\/aoc-touraine\/vins-ambassadeurs-2020\/"]}]},{"@type":"BreadcrumbList","@id":"https:\/\/vintouraine.com\/en\/aoc-touraine\/vins-ambassadeurs-2020\/#breadcrumb","itemListElement":[{"@type":"ListItem","position":1,"name":"Home","item":"https:\/\/vintouraine.com\/en\/"},{"@type":"ListItem","position":2,"name":"AOP Touraine","item":"https:\/\/vintouraine.com\/en\/aoc-touraine\/"},{"@type":"ListItem","position":3,"name":"2020 ambassador wines"}]},{"@type":"WebSite","@id":"https:\/\/www.vintouraine.com\/#website","url":"https:\/\/www.vintouraine.com\/","name":"AOC Touraine Val de Loire","description":"","publisher":{"@id":"https:\/\/www.vintouraine.com\/#organization"},"potentialAction":[{"@type":"SearchAction","target":{"@type":"EntryPoint","urlTemplate":"https:\/\/www.vintouraine.com\/?s={search_term_string}"},"query-input":{"@type":"PropertyValueSpecification","valueRequired":true,"valueName":"search_term_string"}}],"inLanguage":"en-US"},{"@type":"Organization","@id":"https:\/\/www.vintouraine.com\/#organization","name":"AOC TOURAINE","url":"https:\/\/www.vintouraine.com\/","logo":{"@type":"ImageObject","inLanguage":"en-US","@id":"https:\/\/www.vintouraine.com\/#\/schema\/logo\/image\/","url":"https:\/\/www.vintouraine.com\/wp-content\/uploads\/2018\/05\/logo-aoc-touraine.png","contentUrl":"https:\/\/www.vintouraine.com\/wp-content\/uploads\/2018\/05\/logo-aoc-touraine.png","width":330,"height":85,"caption":"AOC TOURAINE"},"image":{"@id":"https:\/\/www.vintouraine.com\/#\/schema\/logo\/image\/"},"sameAs":["https:\/\/www.facebook.com\/aoctouraine\/","https:\/\/x.com\/AOCTouraine"]}]}},"_links":{"self":[{"href":"https:\/\/www.vintouraine.com\/en\/wp-json\/wp\/v2\/pages\/4107\/"}],"collection":[{"href":"https:\/\/www.vintouraine.com\/en\/wp-json\/wp\/v2\/pages\/"}],"about":[{"href":"https:\/\/www.vintouraine.com\/en\/wp-json\/wp\/v2\/types\/page\/"}],"author":[{"embeddable":true,"href":"https:\/\/www.vintouraine.com\/en\/wp-json\/wp\/v2\/users\/3\/"}],"replies":[{"embeddable":true,"href":"https:\/\/www.vintouraine.com\/en\/wp-json\/wp\/v2\/comments\/?post=4107"}],"version-history":[{"count":0,"href":"https:\/\/www.vintouraine.com\/en\/wp-json\/wp\/v2\/pages\/4107\/revisions\/"}],"up":[{"embeddable":true,"href":"https:\/\/www.vintouraine.com\/en\/wp-json\/wp\/v2\/pages\/193\/"}],"wp:attachment":[{"href":"https:\/\/www.vintouraine.com\/en\/wp-json\/wp\/v2\/media\/?parent=4107"}],"curies":[{"name":"wp","href":"https:\/\/api.w.org\/{rel}","templated":true}]}}