{"id":4879,"date":"2020-11-05T10:38:26","date_gmt":"2020-11-05T09:38:26","guid":{"rendered":"https:\/\/www.vintouraine.com\/?post_type=product&#038;p=4879"},"modified":"2022-05-16T17:23:40","modified_gmt":"2022-05-16T15:23:40","slug":"touraine-sauvignon-2019-2","status":"publish","type":"product","link":"https:\/\/www.vintouraine.com\/en\/produit\/touraine-sauvignon-2019-2\/","title":{"rendered":"TOURAINE SAUVIGNON 2019"},"content":{"rendered":"","protected":false},"excerpt":{"rendered":"<p><strong>Appellation&nbsp;:<\/strong> AOC Touraine<\/p>\n<p><strong>Couleur&nbsp;:<\/strong> Blanc<\/p>\n<p><strong>Descriptif&nbsp;:<br \/>\n<\/strong><span style=\"text-decoration: underline;\">C\u00e9page<\/span> : 100% sauvignon<br \/>\n<span style=\"text-decoration: underline;\">Le nez<\/span> : Tr\u00e8s flatteur d&#8217;agrumes et de bourgeon de cassis<br \/>\n<span style=\"text-decoration: underline;\">En bouche<\/span> : Sec, fruit\u00e9 avec finale rafra\u00eechissante<br \/>\n<span style=\"text-decoration: underline;\">A boire<\/span> : D\u00e9guster frais (8\u00b0C) pour l&#8217;ap\u00e9ritif ou pour accompagner poissons, fruits de mer, fromages au lait de ch\u00e8vre ou encore asperges de Loire.<br \/>\n<span style=\"text-decoration: underline;\">Distinctions (non pr\u00e9sent\u00e9 depuis 2013)<\/span> : &#8216;Commended&#8217; au Decanter Wine Awards. Une \u00e9toile au Guide Hachette 2014 et 2013 M\u00e9daille de bronze au Concours G\u00e9n\u00e9ral Agricole Paris (2012, 2010, 2004) M\u00e9daille d&#8217;argent au Concours Mondial du Sauvignon 2013 et 2011, Liger d&#8217;Argent au Salon des Vins de Loire 2010, Ambassadeur Loire Sauvignon (s\u00e9lection export Interloire) en 2009, Citation au Guide Hachette des Vins 2006.<\/p>\n<p><strong>Lien vers site&nbsp;:<\/strong> <a href=\"http:\/\/www.domaine-echardieres.com\/index.php\/nos-vins\/blancs\" target=\"_blank\" rel=\"noopener noreferrer\">http:\/\/www.domaine-echardieres.com\/index.php\/nos-vins\/blancs<\/a><\/p>","protected":false},"featured_media":4833,"template":"","meta":{"_acf_changed":false,"ngg_post_thumbnail":0},"product_brand":[],"product_cat":[84],"product_tag":[],"class_list":{"0":"post-4879","1":"product","2":"type-product","3":"status-publish","4":"has-post-thumbnail","6":"product_cat-domaine-des-echardieres","8":"first","9":"outofstock","10":"taxable","11":"shipping-taxable","12":"purchasable","13":"product-type-simple"},"acf":[],"yoast_head":"<!-- This site is optimized with the Yoast SEO plugin v27.3 - https:\/\/yoast.com\/product\/yoast-seo-wordpress\/ -->\n<title>TOURAINE SAUVIGNON 2019 - AOC Touraine Val de Loire<\/title>\n<meta name=\"robots\" content=\"index, follow, max-snippet:-1, max-image-preview:large, max-video-preview:-1\" \/>\n<link rel=\"canonical\" href=\"https:\/\/www.vintouraine.com\/en\/produit\/touraine-sauvignon-2019-2\/\" \/>\n<meta property=\"og:locale\" content=\"en_US\" \/>\n<meta property=\"og:type\" content=\"article\" \/>\n<meta property=\"og:title\" content=\"TOURAINE SAUVIGNON 2019 - AOC Touraine Val de Loire\" \/>\n<meta property=\"og:description\" content=\"Appellation&nbsp;: AOC Touraine  Couleur&nbsp;: Blanc  Descriptif&nbsp;: C\u00e9page : 100% sauvignon Le nez : Tr\u00e8s flatteur d&#039;agrumes et de bourgeon de cassis En bouche : Sec, fruit\u00e9 avec finale rafra\u00eechissante A boire : D\u00e9guster frais (8\u00b0C) pour l&#039;ap\u00e9ritif ou pour accompagner poissons, fruits de mer, fromages au lait de ch\u00e8vre ou encore asperges de Loire. Distinctions (non pr\u00e9sent\u00e9 depuis 2013) : &#039;Commended&#039; au Decanter Wine Awards. Une \u00e9toile au Guide Hachette 2014 et 2013 M\u00e9daille de bronze au Concours G\u00e9n\u00e9ral Agricole Paris (2012, 2010, 2004) M\u00e9daille d&#039;argent au Concours Mondial du Sauvignon 2013 et 2011, Liger d&#039;Argent au Salon des Vins de Loire 2010, Ambassadeur Loire Sauvignon (s\u00e9lection export Interloire) en 2009, Citation au Guide Hachette des Vins 2006.  Lien vers site&nbsp;: http:\/\/www.domaine-echardieres.com\/index.php\/nos-vins\/blancs\" \/>\n<meta property=\"og:url\" content=\"https:\/\/www.vintouraine.com\/en\/produit\/touraine-sauvignon-2019-2\/\" \/>\n<meta property=\"og:site_name\" content=\"AOC Touraine Val de Loire\" \/>\n<meta property=\"article:publisher\" content=\"https:\/\/www.facebook.com\/aoctouraine\/\" \/>\n<meta property=\"article:modified_time\" content=\"2022-05-16T15:23:40+00:00\" \/>\n<meta property=\"og:image\" content=\"https:\/\/www.vintouraine.com\/wp-content\/uploads\/2020\/11\/Domaine-Echardieres_sauvignon2019.jpg\" \/>\n\t<meta property=\"og:image:width\" content=\"600\" \/>\n\t<meta property=\"og:image:height\" content=\"600\" \/>\n\t<meta property=\"og:image:type\" content=\"image\/jpeg\" \/>\n<meta name=\"twitter:card\" content=\"summary_large_image\" \/>\n<meta name=\"twitter:site\" content=\"@AOCTouraine\" \/>\n<script type=\"application\/ld+json\" class=\"yoast-schema-graph\">{\"@context\":\"https:\\\/\\\/schema.org\",\"@graph\":[{\"@type\":\"WebPage\",\"@id\":\"https:\\\/\\\/www.vintouraine.com\\\/en\\\/produit\\\/touraine-sauvignon-2019-2\\\/\",\"url\":\"https:\\\/\\\/www.vintouraine.com\\\/en\\\/produit\\\/touraine-sauvignon-2019-2\\\/\",\"name\":\"TOURAINE SAUVIGNON 2019 - AOC Touraine Val de Loire\",\"isPartOf\":{\"@id\":\"https:\\\/\\\/vintouraine.com\\\/#website\"},\"primaryImageOfPage\":{\"@id\":\"https:\\\/\\\/www.vintouraine.com\\\/en\\\/produit\\\/touraine-sauvignon-2019-2\\\/#primaryimage\"},\"image\":{\"@id\":\"https:\\\/\\\/www.vintouraine.com\\\/en\\\/produit\\\/touraine-sauvignon-2019-2\\\/#primaryimage\"},\"thumbnailUrl\":\"https:\\\/\\\/www.vintouraine.com\\\/wp-content\\\/uploads\\\/2020\\\/11\\\/Domaine-Echardieres_sauvignon2019.jpg\",\"datePublished\":\"2020-11-05T09:38:26+00:00\",\"dateModified\":\"2022-05-16T15:23:40+00:00\",\"breadcrumb\":{\"@id\":\"https:\\\/\\\/www.vintouraine.com\\\/en\\\/produit\\\/touraine-sauvignon-2019-2\\\/#breadcrumb\"},\"inLanguage\":\"en-US\",\"potentialAction\":[{\"@type\":\"ReadAction\",\"target\":[\"https:\\\/\\\/www.vintouraine.com\\\/en\\\/produit\\\/touraine-sauvignon-2019-2\\\/\"]}]},{\"@type\":\"ImageObject\",\"inLanguage\":\"en-US\",\"@id\":\"https:\\\/\\\/www.vintouraine.com\\\/en\\\/produit\\\/touraine-sauvignon-2019-2\\\/#primaryimage\",\"url\":\"https:\\\/\\\/www.vintouraine.com\\\/wp-content\\\/uploads\\\/2020\\\/11\\\/Domaine-Echardieres_sauvignon2019.jpg\",\"contentUrl\":\"https:\\\/\\\/www.vintouraine.com\\\/wp-content\\\/uploads\\\/2020\\\/11\\\/Domaine-Echardieres_sauvignon2019.jpg\",\"width\":600,\"height\":600},{\"@type\":\"BreadcrumbList\",\"@id\":\"https:\\\/\\\/www.vintouraine.com\\\/en\\\/produit\\\/touraine-sauvignon-2019-2\\\/#breadcrumb\",\"itemListElement\":[{\"@type\":\"ListItem\",\"position\":1,\"name\":\"Home\",\"item\":\"https:\\\/\\\/vintouraine.com\\\/en\\\/\"},{\"@type\":\"ListItem\",\"position\":2,\"name\":\"Boutique\",\"item\":\"https:\\\/\\\/vintouraine.com\\\/boutique\\\/\"},{\"@type\":\"ListItem\",\"position\":3,\"name\":\"TOURAINE SAUVIGNON 2019\"}]},{\"@type\":\"WebSite\",\"@id\":\"https:\\\/\\\/vintouraine.com\\\/#website\",\"url\":\"https:\\\/\\\/vintouraine.com\\\/\",\"name\":\"AOC Touraine Val de Loire\",\"description\":\"\",\"publisher\":{\"@id\":\"https:\\\/\\\/vintouraine.com\\\/#organization\"},\"potentialAction\":[{\"@type\":\"SearchAction\",\"target\":{\"@type\":\"EntryPoint\",\"urlTemplate\":\"https:\\\/\\\/vintouraine.com\\\/?s={search_term_string}\"},\"query-input\":{\"@type\":\"PropertyValueSpecification\",\"valueRequired\":true,\"valueName\":\"search_term_string\"}}],\"inLanguage\":\"en-US\"},{\"@type\":\"Organization\",\"@id\":\"https:\\\/\\\/vintouraine.com\\\/#organization\",\"name\":\"AOC TOURAINE\",\"url\":\"https:\\\/\\\/vintouraine.com\\\/\",\"logo\":{\"@type\":\"ImageObject\",\"inLanguage\":\"en-US\",\"@id\":\"https:\\\/\\\/vintouraine.com\\\/#\\\/schema\\\/logo\\\/image\\\/\",\"url\":\"https:\\\/\\\/www.vintouraine.com\\\/wp-content\\\/uploads\\\/2018\\\/05\\\/logo-aoc-touraine.png\",\"contentUrl\":\"https:\\\/\\\/www.vintouraine.com\\\/wp-content\\\/uploads\\\/2018\\\/05\\\/logo-aoc-touraine.png\",\"width\":330,\"height\":85,\"caption\":\"AOC TOURAINE\"},\"image\":{\"@id\":\"https:\\\/\\\/vintouraine.com\\\/#\\\/schema\\\/logo\\\/image\\\/\"},\"sameAs\":[\"https:\\\/\\\/www.facebook.com\\\/aoctouraine\\\/\",\"https:\\\/\\\/x.com\\\/AOCTouraine\"]}]}<\/script>\n<!-- \/ Yoast SEO plugin. -->","yoast_head_json":{"title":"TOURAINE SAUVIGNON 2019 - AOC Touraine Val de Loire","robots":{"index":"index","follow":"follow","max-snippet":"max-snippet:-1","max-image-preview":"max-image-preview:large","max-video-preview":"max-video-preview:-1"},"canonical":"https:\/\/www.vintouraine.com\/en\/produit\/touraine-sauvignon-2019-2\/","og_locale":"en_US","og_type":"article","og_title":"TOURAINE SAUVIGNON 2019 - AOC Touraine Val de Loire","og_description":"Appellation&nbsp;: AOC Touraine  Couleur&nbsp;: Blanc  Descriptif&nbsp;: C\u00e9page : 100% sauvignon Le nez : Tr\u00e8s flatteur d'agrumes et de bourgeon de cassis En bouche : Sec, fruit\u00e9 avec finale rafra\u00eechissante A boire : D\u00e9guster frais (8\u00b0C) pour l'ap\u00e9ritif ou pour accompagner poissons, fruits de mer, fromages au lait de ch\u00e8vre ou encore asperges de Loire. Distinctions (non pr\u00e9sent\u00e9 depuis 2013) : 'Commended' au Decanter Wine Awards. Une \u00e9toile au Guide Hachette 2014 et 2013 M\u00e9daille de bronze au Concours G\u00e9n\u00e9ral Agricole Paris (2012, 2010, 2004) M\u00e9daille d'argent au Concours Mondial du Sauvignon 2013 et 2011, Liger d'Argent au Salon des Vins de Loire 2010, Ambassadeur Loire Sauvignon (s\u00e9lection export Interloire) en 2009, Citation au Guide Hachette des Vins 2006.  Lien vers site&nbsp;: http:\/\/www.domaine-echardieres.com\/index.php\/nos-vins\/blancs","og_url":"https:\/\/www.vintouraine.com\/en\/produit\/touraine-sauvignon-2019-2\/","og_site_name":"AOC Touraine Val de Loire","article_publisher":"https:\/\/www.facebook.com\/aoctouraine\/","article_modified_time":"2022-05-16T15:23:40+00:00","og_image":[{"width":600,"height":600,"url":"https:\/\/www.vintouraine.com\/wp-content\/uploads\/2020\/11\/Domaine-Echardieres_sauvignon2019.jpg","type":"image\/jpeg"}],"twitter_card":"summary_large_image","twitter_site":"@AOCTouraine","schema":{"@context":"https:\/\/schema.org","@graph":[{"@type":"WebPage","@id":"https:\/\/www.vintouraine.com\/en\/produit\/touraine-sauvignon-2019-2\/","url":"https:\/\/www.vintouraine.com\/en\/produit\/touraine-sauvignon-2019-2\/","name":"TOURAINE SAUVIGNON 2019 - AOC Touraine Val de Loire","isPartOf":{"@id":"https:\/\/vintouraine.com\/#website"},"primaryImageOfPage":{"@id":"https:\/\/www.vintouraine.com\/en\/produit\/touraine-sauvignon-2019-2\/#primaryimage"},"image":{"@id":"https:\/\/www.vintouraine.com\/en\/produit\/touraine-sauvignon-2019-2\/#primaryimage"},"thumbnailUrl":"https:\/\/www.vintouraine.com\/wp-content\/uploads\/2020\/11\/Domaine-Echardieres_sauvignon2019.jpg","datePublished":"2020-11-05T09:38:26+00:00","dateModified":"2022-05-16T15:23:40+00:00","breadcrumb":{"@id":"https:\/\/www.vintouraine.com\/en\/produit\/touraine-sauvignon-2019-2\/#breadcrumb"},"inLanguage":"en-US","potentialAction":[{"@type":"ReadAction","target":["https:\/\/www.vintouraine.com\/en\/produit\/touraine-sauvignon-2019-2\/"]}]},{"@type":"ImageObject","inLanguage":"en-US","@id":"https:\/\/www.vintouraine.com\/en\/produit\/touraine-sauvignon-2019-2\/#primaryimage","url":"https:\/\/www.vintouraine.com\/wp-content\/uploads\/2020\/11\/Domaine-Echardieres_sauvignon2019.jpg","contentUrl":"https:\/\/www.vintouraine.com\/wp-content\/uploads\/2020\/11\/Domaine-Echardieres_sauvignon2019.jpg","width":600,"height":600},{"@type":"BreadcrumbList","@id":"https:\/\/www.vintouraine.com\/en\/produit\/touraine-sauvignon-2019-2\/#breadcrumb","itemListElement":[{"@type":"ListItem","position":1,"name":"Home","item":"https:\/\/vintouraine.com\/en\/"},{"@type":"ListItem","position":2,"name":"Boutique","item":"https:\/\/vintouraine.com\/boutique\/"},{"@type":"ListItem","position":3,"name":"TOURAINE SAUVIGNON 2019"}]},{"@type":"WebSite","@id":"https:\/\/vintouraine.com\/#website","url":"https:\/\/vintouraine.com\/","name":"AOC Touraine Val de Loire","description":"","publisher":{"@id":"https:\/\/vintouraine.com\/#organization"},"potentialAction":[{"@type":"SearchAction","target":{"@type":"EntryPoint","urlTemplate":"https:\/\/vintouraine.com\/?s={search_term_string}"},"query-input":{"@type":"PropertyValueSpecification","valueRequired":true,"valueName":"search_term_string"}}],"inLanguage":"en-US"},{"@type":"Organization","@id":"https:\/\/vintouraine.com\/#organization","name":"AOC TOURAINE","url":"https:\/\/vintouraine.com\/","logo":{"@type":"ImageObject","inLanguage":"en-US","@id":"https:\/\/vintouraine.com\/#\/schema\/logo\/image\/","url":"https:\/\/www.vintouraine.com\/wp-content\/uploads\/2018\/05\/logo-aoc-touraine.png","contentUrl":"https:\/\/www.vintouraine.com\/wp-content\/uploads\/2018\/05\/logo-aoc-touraine.png","width":330,"height":85,"caption":"AOC TOURAINE"},"image":{"@id":"https:\/\/vintouraine.com\/#\/schema\/logo\/image\/"},"sameAs":["https:\/\/www.facebook.com\/aoctouraine\/","https:\/\/x.com\/AOCTouraine"]}]}},"_links":{"self":[{"href":"https:\/\/www.vintouraine.com\/en\/wp-json\/wp\/v2\/product\/4879\/"}],"collection":[{"href":"https:\/\/www.vintouraine.com\/en\/wp-json\/wp\/v2\/product\/"}],"about":[{"href":"https:\/\/www.vintouraine.com\/en\/wp-json\/wp\/v2\/types\/product\/"}],"wp:featuredmedia":[{"embeddable":true,"href":"https:\/\/www.vintouraine.com\/en\/wp-json\/wp\/v2\/media\/4833\/"}],"wp:attachment":[{"href":"https:\/\/www.vintouraine.com\/en\/wp-json\/wp\/v2\/media\/?parent=4879"}],"wp:term":[{"taxonomy":"product_brand","embeddable":true,"href":"https:\/\/www.vintouraine.com\/en\/wp-json\/wp\/v2\/product_brand\/?post=4879"},{"taxonomy":"product_cat","embeddable":true,"href":"https:\/\/www.vintouraine.com\/en\/wp-json\/wp\/v2\/product_cat\/?post=4879"},{"taxonomy":"product_tag","embeddable":true,"href":"https:\/\/www.vintouraine.com\/en\/wp-json\/wp\/v2\/product_tag\/?post=4879"}],"curies":[{"name":"wp","href":"https:\/\/api.w.org\/{rel}","templated":true}]}}