{"id":4880,"date":"2020-11-05T11:11:26","date_gmt":"2020-11-05T10:11:26","guid":{"rendered":"https:\/\/www.vintouraine.com\/?post_type=product&#038;p=4880"},"modified":"2022-05-16T17:23:35","modified_gmt":"2022-05-16T15:23:35","slug":"le-rose-2018","status":"publish","type":"product","link":"https:\/\/www.vintouraine.com\/en\/produit\/le-rose-2018\/","title":{"rendered":"LE ROS\u00c9 2018"},"content":{"rendered":"","protected":false},"excerpt":{"rendered":"<p><strong>Appellation&nbsp;:<\/strong> AOC Touraine<\/p>\n<p><strong>Couleur&nbsp;:<\/strong> Ros\u00e9<\/p>\n<p><strong>Descriptif&nbsp;:<br \/>\n<\/strong><span style=\"text-decoration: underline;\">C\u00e9pages<\/span> : 35% gamay, 35% cabernet franc,30% c\u00f4t malbec<br \/>\n<span style=\"text-decoration: underline;\">Le nez<\/span> : D\u00e9licat, de fraise et framboise \u00e9cras\u00e9es<br \/>\n<span style=\"text-decoration: underline;\">En bouche<\/span> : Sec, souple et gras, belle longueur<br \/>\n<span style=\"text-decoration: underline;\">A boire<\/span> : Servir frais (8\u00b0C) pour accompagner entr\u00e9es froides, salades compos\u00e9es et tous les repas d\u2019\u00e9t\u00e9. Recommand\u00e9 \u00e9galement avec melon, saumon mais aussi toutes les sp\u00e9cialit\u00e9s de cuisine exotique.<br \/>\n<span style=\"text-decoration: underline;\">Distinctions<\/span> : Une \u00e9toile au Guide Hachette des Vins 2018. M\u00e9daille d&#8217;or au Concours G\u00e9n\u00e9ral Agricole de Paris 2018. M\u00e9daille de bronze au Concours G\u00e9n\u00e9ral Agricole Paris 2016, M\u00e9daille d&#8217;or au Concours G\u00e9n\u00e9ral Agricole Paris (2012, 2011, 2008, 2007, 2006) M\u00e9daill\u00e9 d\u2019or au Concours d\u00e9partemental (2007 et 2005), une \u00e9toile au Guide Hachette des Vins 2007, citation dans le dossier \u2019Sp\u00e9cial ros\u00e9\u2019 du Point de mai 2008 et 2014<\/p>\n<p><strong>Lien vers site&nbsp;:<\/strong> <a href=\"http:\/\/www.domaine-echardieres.com\/index.php\/nos-vins\/rose\" target=\"_blank\" rel=\"noopener noreferrer\">http:\/\/www.domaine-echardieres.com\/index.php\/nos-vins\/rose<\/a><\/p>","protected":false},"featured_media":4831,"template":"","meta":{"_acf_changed":false,"ngg_post_thumbnail":0},"product_brand":[],"product_cat":[84],"product_tag":[],"class_list":{"0":"post-4880","1":"product","2":"type-product","3":"status-publish","4":"has-post-thumbnail","6":"product_cat-domaine-des-echardieres","8":"first","9":"outofstock","10":"taxable","11":"shipping-taxable","12":"purchasable","13":"product-type-simple"},"acf":[],"yoast_head":"<!-- This site is optimized with the Yoast SEO plugin v27.3 - https:\/\/yoast.com\/product\/yoast-seo-wordpress\/ -->\n<title>LE ROS\u00c9 2018 - AOC Touraine Val de Loire<\/title>\n<meta name=\"robots\" content=\"index, follow, max-snippet:-1, max-image-preview:large, max-video-preview:-1\" \/>\n<link rel=\"canonical\" href=\"https:\/\/www.vintouraine.com\/en\/produit\/le-rose-2018\/\" \/>\n<meta property=\"og:locale\" content=\"en_US\" \/>\n<meta property=\"og:type\" content=\"article\" \/>\n<meta property=\"og:title\" content=\"LE ROS\u00c9 2018 - AOC Touraine Val de Loire\" \/>\n<meta property=\"og:description\" content=\"Appellation&nbsp;: AOC Touraine  Couleur&nbsp;: Ros\u00e9  Descriptif&nbsp;: C\u00e9pages : 35% gamay, 35% cabernet franc,30% c\u00f4t malbec Le nez : D\u00e9licat, de fraise et framboise \u00e9cras\u00e9es En bouche : Sec, souple et gras, belle longueur A boire : Servir frais (8\u00b0C) pour accompagner entr\u00e9es froides, salades compos\u00e9es et tous les repas d\u2019\u00e9t\u00e9. Recommand\u00e9 \u00e9galement avec melon, saumon mais aussi toutes les sp\u00e9cialit\u00e9s de cuisine exotique. Distinctions : Une \u00e9toile au Guide Hachette des Vins 2018. M\u00e9daille d&#039;or au Concours G\u00e9n\u00e9ral Agricole de Paris 2018. M\u00e9daille de bronze au Concours G\u00e9n\u00e9ral Agricole Paris 2016, M\u00e9daille d&#039;or au Concours G\u00e9n\u00e9ral Agricole Paris (2012, 2011, 2008, 2007, 2006) M\u00e9daill\u00e9 d\u2019or au Concours d\u00e9partemental (2007 et 2005), une \u00e9toile au Guide Hachette des Vins 2007, citation dans le dossier \u2019Sp\u00e9cial ros\u00e9\u2019 du Point de mai 2008 et 2014  Lien vers site&nbsp;: http:\/\/www.domaine-echardieres.com\/index.php\/nos-vins\/rose\" \/>\n<meta property=\"og:url\" content=\"https:\/\/www.vintouraine.com\/produit\/le-rose-2018\/\" \/>\n<meta property=\"og:site_name\" content=\"AOC Touraine Val de Loire\" \/>\n<meta property=\"article:publisher\" content=\"https:\/\/www.facebook.com\/aoctouraine\/\" \/>\n<meta property=\"article:modified_time\" content=\"2022-05-16T15:23:35+00:00\" \/>\n<meta property=\"og:image\" content=\"https:\/\/www.vintouraine.com\/wp-content\/uploads\/2020\/11\/Domaine-Echardieres_rose2019.jpg\" \/>\n\t<meta property=\"og:image:width\" content=\"600\" \/>\n\t<meta property=\"og:image:height\" content=\"600\" \/>\n\t<meta property=\"og:image:type\" content=\"image\/jpeg\" \/>\n<meta name=\"twitter:card\" content=\"summary_large_image\" \/>\n<meta name=\"twitter:site\" content=\"@AOCTouraine\" \/>\n<script type=\"application\/ld+json\" class=\"yoast-schema-graph\">{\"@context\":\"https:\\\/\\\/schema.org\",\"@graph\":[{\"@type\":\"WebPage\",\"@id\":\"https:\\\/\\\/www.vintouraine.com\\\/produit\\\/le-rose-2018\\\/\",\"url\":\"https:\\\/\\\/www.vintouraine.com\\\/produit\\\/le-rose-2018\\\/\",\"name\":\"LE ROS\u00c9 2018 - AOC Touraine Val de Loire\",\"isPartOf\":{\"@id\":\"https:\\\/\\\/vintouraine.com\\\/#website\"},\"primaryImageOfPage\":{\"@id\":\"https:\\\/\\\/www.vintouraine.com\\\/produit\\\/le-rose-2018\\\/#primaryimage\"},\"image\":{\"@id\":\"https:\\\/\\\/www.vintouraine.com\\\/produit\\\/le-rose-2018\\\/#primaryimage\"},\"thumbnailUrl\":\"https:\\\/\\\/www.vintouraine.com\\\/wp-content\\\/uploads\\\/2020\\\/11\\\/Domaine-Echardieres_rose2019.jpg\",\"datePublished\":\"2020-11-05T10:11:26+00:00\",\"dateModified\":\"2022-05-16T15:23:35+00:00\",\"breadcrumb\":{\"@id\":\"https:\\\/\\\/www.vintouraine.com\\\/produit\\\/le-rose-2018\\\/#breadcrumb\"},\"inLanguage\":\"en-US\",\"potentialAction\":[{\"@type\":\"ReadAction\",\"target\":[\"https:\\\/\\\/www.vintouraine.com\\\/produit\\\/le-rose-2018\\\/\"]}]},{\"@type\":\"ImageObject\",\"inLanguage\":\"en-US\",\"@id\":\"https:\\\/\\\/www.vintouraine.com\\\/produit\\\/le-rose-2018\\\/#primaryimage\",\"url\":\"https:\\\/\\\/www.vintouraine.com\\\/wp-content\\\/uploads\\\/2020\\\/11\\\/Domaine-Echardieres_rose2019.jpg\",\"contentUrl\":\"https:\\\/\\\/www.vintouraine.com\\\/wp-content\\\/uploads\\\/2020\\\/11\\\/Domaine-Echardieres_rose2019.jpg\",\"width\":600,\"height\":600},{\"@type\":\"BreadcrumbList\",\"@id\":\"https:\\\/\\\/www.vintouraine.com\\\/produit\\\/le-rose-2018\\\/#breadcrumb\",\"itemListElement\":[{\"@type\":\"ListItem\",\"position\":1,\"name\":\"Home\",\"item\":\"https:\\\/\\\/vintouraine.com\\\/en\\\/\"},{\"@type\":\"ListItem\",\"position\":2,\"name\":\"Boutique\",\"item\":\"https:\\\/\\\/vintouraine.com\\\/boutique\\\/\"},{\"@type\":\"ListItem\",\"position\":3,\"name\":\"LE ROS\u00c9 2018\"}]},{\"@type\":\"WebSite\",\"@id\":\"https:\\\/\\\/vintouraine.com\\\/#website\",\"url\":\"https:\\\/\\\/vintouraine.com\\\/\",\"name\":\"AOC Touraine Val de Loire\",\"description\":\"\",\"publisher\":{\"@id\":\"https:\\\/\\\/vintouraine.com\\\/#organization\"},\"potentialAction\":[{\"@type\":\"SearchAction\",\"target\":{\"@type\":\"EntryPoint\",\"urlTemplate\":\"https:\\\/\\\/vintouraine.com\\\/?s={search_term_string}\"},\"query-input\":{\"@type\":\"PropertyValueSpecification\",\"valueRequired\":true,\"valueName\":\"search_term_string\"}}],\"inLanguage\":\"en-US\"},{\"@type\":\"Organization\",\"@id\":\"https:\\\/\\\/vintouraine.com\\\/#organization\",\"name\":\"AOC TOURAINE\",\"url\":\"https:\\\/\\\/vintouraine.com\\\/\",\"logo\":{\"@type\":\"ImageObject\",\"inLanguage\":\"en-US\",\"@id\":\"https:\\\/\\\/vintouraine.com\\\/#\\\/schema\\\/logo\\\/image\\\/\",\"url\":\"https:\\\/\\\/www.vintouraine.com\\\/wp-content\\\/uploads\\\/2018\\\/05\\\/logo-aoc-touraine.png\",\"contentUrl\":\"https:\\\/\\\/www.vintouraine.com\\\/wp-content\\\/uploads\\\/2018\\\/05\\\/logo-aoc-touraine.png\",\"width\":330,\"height\":85,\"caption\":\"AOC TOURAINE\"},\"image\":{\"@id\":\"https:\\\/\\\/vintouraine.com\\\/#\\\/schema\\\/logo\\\/image\\\/\"},\"sameAs\":[\"https:\\\/\\\/www.facebook.com\\\/aoctouraine\\\/\",\"https:\\\/\\\/x.com\\\/AOCTouraine\"]}]}<\/script>\n<!-- \/ Yoast SEO plugin. -->","yoast_head_json":{"title":"LE ROS\u00c9 2018 - AOC Touraine Val de Loire","robots":{"index":"index","follow":"follow","max-snippet":"max-snippet:-1","max-image-preview":"max-image-preview:large","max-video-preview":"max-video-preview:-1"},"canonical":"https:\/\/www.vintouraine.com\/en\/produit\/le-rose-2018\/","og_locale":"en_US","og_type":"article","og_title":"LE ROS\u00c9 2018 - AOC Touraine Val de Loire","og_description":"Appellation&nbsp;: AOC Touraine  Couleur&nbsp;: Ros\u00e9  Descriptif&nbsp;: C\u00e9pages : 35% gamay, 35% cabernet franc,30% c\u00f4t malbec Le nez : D\u00e9licat, de fraise et framboise \u00e9cras\u00e9es En bouche : Sec, souple et gras, belle longueur A boire : Servir frais (8\u00b0C) pour accompagner entr\u00e9es froides, salades compos\u00e9es et tous les repas d\u2019\u00e9t\u00e9. Recommand\u00e9 \u00e9galement avec melon, saumon mais aussi toutes les sp\u00e9cialit\u00e9s de cuisine exotique. Distinctions : Une \u00e9toile au Guide Hachette des Vins 2018. M\u00e9daille d'or au Concours G\u00e9n\u00e9ral Agricole de Paris 2018. M\u00e9daille de bronze au Concours G\u00e9n\u00e9ral Agricole Paris 2016, M\u00e9daille d'or au Concours G\u00e9n\u00e9ral Agricole Paris (2012, 2011, 2008, 2007, 2006) M\u00e9daill\u00e9 d\u2019or au Concours d\u00e9partemental (2007 et 2005), une \u00e9toile au Guide Hachette des Vins 2007, citation dans le dossier \u2019Sp\u00e9cial ros\u00e9\u2019 du Point de mai 2008 et 2014  Lien vers site&nbsp;: http:\/\/www.domaine-echardieres.com\/index.php\/nos-vins\/rose","og_url":"https:\/\/www.vintouraine.com\/produit\/le-rose-2018\/","og_site_name":"AOC Touraine Val de Loire","article_publisher":"https:\/\/www.facebook.com\/aoctouraine\/","article_modified_time":"2022-05-16T15:23:35+00:00","og_image":[{"width":600,"height":600,"url":"https:\/\/www.vintouraine.com\/wp-content\/uploads\/2020\/11\/Domaine-Echardieres_rose2019.jpg","type":"image\/jpeg"}],"twitter_card":"summary_large_image","twitter_site":"@AOCTouraine","schema":{"@context":"https:\/\/schema.org","@graph":[{"@type":"WebPage","@id":"https:\/\/www.vintouraine.com\/produit\/le-rose-2018\/","url":"https:\/\/www.vintouraine.com\/produit\/le-rose-2018\/","name":"LE ROS\u00c9 2018 - AOC Touraine Val de Loire","isPartOf":{"@id":"https:\/\/vintouraine.com\/#website"},"primaryImageOfPage":{"@id":"https:\/\/www.vintouraine.com\/produit\/le-rose-2018\/#primaryimage"},"image":{"@id":"https:\/\/www.vintouraine.com\/produit\/le-rose-2018\/#primaryimage"},"thumbnailUrl":"https:\/\/www.vintouraine.com\/wp-content\/uploads\/2020\/11\/Domaine-Echardieres_rose2019.jpg","datePublished":"2020-11-05T10:11:26+00:00","dateModified":"2022-05-16T15:23:35+00:00","breadcrumb":{"@id":"https:\/\/www.vintouraine.com\/produit\/le-rose-2018\/#breadcrumb"},"inLanguage":"en-US","potentialAction":[{"@type":"ReadAction","target":["https:\/\/www.vintouraine.com\/produit\/le-rose-2018\/"]}]},{"@type":"ImageObject","inLanguage":"en-US","@id":"https:\/\/www.vintouraine.com\/produit\/le-rose-2018\/#primaryimage","url":"https:\/\/www.vintouraine.com\/wp-content\/uploads\/2020\/11\/Domaine-Echardieres_rose2019.jpg","contentUrl":"https:\/\/www.vintouraine.com\/wp-content\/uploads\/2020\/11\/Domaine-Echardieres_rose2019.jpg","width":600,"height":600},{"@type":"BreadcrumbList","@id":"https:\/\/www.vintouraine.com\/produit\/le-rose-2018\/#breadcrumb","itemListElement":[{"@type":"ListItem","position":1,"name":"Home","item":"https:\/\/vintouraine.com\/en\/"},{"@type":"ListItem","position":2,"name":"Boutique","item":"https:\/\/vintouraine.com\/boutique\/"},{"@type":"ListItem","position":3,"name":"LE ROS\u00c9 2018"}]},{"@type":"WebSite","@id":"https:\/\/vintouraine.com\/#website","url":"https:\/\/vintouraine.com\/","name":"AOC Touraine Val de Loire","description":"","publisher":{"@id":"https:\/\/vintouraine.com\/#organization"},"potentialAction":[{"@type":"SearchAction","target":{"@type":"EntryPoint","urlTemplate":"https:\/\/vintouraine.com\/?s={search_term_string}"},"query-input":{"@type":"PropertyValueSpecification","valueRequired":true,"valueName":"search_term_string"}}],"inLanguage":"en-US"},{"@type":"Organization","@id":"https:\/\/vintouraine.com\/#organization","name":"AOC TOURAINE","url":"https:\/\/vintouraine.com\/","logo":{"@type":"ImageObject","inLanguage":"en-US","@id":"https:\/\/vintouraine.com\/#\/schema\/logo\/image\/","url":"https:\/\/www.vintouraine.com\/wp-content\/uploads\/2018\/05\/logo-aoc-touraine.png","contentUrl":"https:\/\/www.vintouraine.com\/wp-content\/uploads\/2018\/05\/logo-aoc-touraine.png","width":330,"height":85,"caption":"AOC TOURAINE"},"image":{"@id":"https:\/\/vintouraine.com\/#\/schema\/logo\/image\/"},"sameAs":["https:\/\/www.facebook.com\/aoctouraine\/","https:\/\/x.com\/AOCTouraine"]}]}},"_links":{"self":[{"href":"https:\/\/www.vintouraine.com\/en\/wp-json\/wp\/v2\/product\/4880\/"}],"collection":[{"href":"https:\/\/www.vintouraine.com\/en\/wp-json\/wp\/v2\/product\/"}],"about":[{"href":"https:\/\/www.vintouraine.com\/en\/wp-json\/wp\/v2\/types\/product\/"}],"wp:featuredmedia":[{"embeddable":true,"href":"https:\/\/www.vintouraine.com\/en\/wp-json\/wp\/v2\/media\/4831\/"}],"wp:attachment":[{"href":"https:\/\/www.vintouraine.com\/en\/wp-json\/wp\/v2\/media\/?parent=4880"}],"wp:term":[{"taxonomy":"product_brand","embeddable":true,"href":"https:\/\/www.vintouraine.com\/en\/wp-json\/wp\/v2\/product_brand\/?post=4880"},{"taxonomy":"product_cat","embeddable":true,"href":"https:\/\/www.vintouraine.com\/en\/wp-json\/wp\/v2\/product_cat\/?post=4880"},{"taxonomy":"product_tag","embeddable":true,"href":"https:\/\/www.vintouraine.com\/en\/wp-json\/wp\/v2\/product_tag\/?post=4880"}],"curies":[{"name":"wp","href":"https:\/\/api.w.org\/{rel}","templated":true}]}}