{"id":4884,"date":"2020-11-05T11:21:30","date_gmt":"2020-11-05T10:21:30","guid":{"rendered":"https:\/\/www.vintouraine.com\/?post_type=product&#038;p=4884"},"modified":"2022-05-16T17:23:32","modified_gmt":"2022-05-16T15:23:32","slug":"la-long-bec-blanc-2018","status":"publish","type":"product","link":"https:\/\/www.vintouraine.com\/en\/produit\/la-long-bec-blanc-2018\/","title":{"rendered":"LA LONG BEC BLANC 2018"},"content":{"rendered":"","protected":false},"excerpt":{"rendered":"<p><strong>Appellation&nbsp;:<\/strong> AOC Touraine Chenonceaux<\/p>\n<p><strong>Couleur&nbsp;:<\/strong> Blanc<\/p>\n<p><strong>Descriptif&nbsp;:<br \/>\n<\/strong><span style=\"text-decoration: underline;\">C\u00e9page<\/span> : 100% sauvignon<br \/>\n<span style=\"text-decoration: underline;\">Le nez<\/span> : Fruits blancs m\u00fbrs (p\u00eache, poire, coing) et finale exotique<br \/>\n<span style=\"text-decoration: underline;\">En bouche<\/span> : Sec, tendre gras et fruit\u00e9, volume et belle longueur<br \/>\n<span style=\"text-decoration: underline;\">A boire<\/span> : D\u00e9guster frais (8\u00b0C) pour l&#8217;ap\u00e9ritif ou pour accompagner bar ou turbo grill\u00e9s, coquilles Saint-Jacques, fromages \u00e0 p\u00e2tes cuites affin\u00e9es (comt\u00e9 12 mois minimum, beaufort d&#8217;alpage, brebis basque&#8230;), un plat de cuisine tha\u00ef ou encore des hu\u00eetres plates.<br \/>\n<span style=\"text-decoration: underline;\">Distinctions<\/span> : Mill\u00e9sime 2018&nbsp;: m\u00e9daille d&#8217;argent au Mondial du Sauvignon. Mill\u00e9sime 2016 cit\u00e9 au Guide Hachette des Vins 2019)<\/p>\n<p><strong>Lien vers site&nbsp;:<\/strong> <a href=\"http:\/\/www.domaine-echardieres.com\/index.php\/nos-vins\/blancs\" target=\"_blank\" rel=\"noopener noreferrer\">http:\/\/www.domaine-echardieres.com\/index.php\/nos-vins\/blancs<\/a><\/p>","protected":false},"featured_media":4827,"template":"","meta":{"_acf_changed":false,"ngg_post_thumbnail":0},"product_brand":[],"product_cat":[84],"product_tag":[],"class_list":{"0":"post-4884","1":"product","2":"type-product","3":"status-publish","4":"has-post-thumbnail","6":"product_cat-domaine-des-echardieres","8":"first","9":"outofstock","10":"taxable","11":"shipping-taxable","12":"purchasable","13":"product-type-simple"},"acf":[],"yoast_head":"<!-- This site is optimized with the Yoast SEO plugin v27.3 - https:\/\/yoast.com\/product\/yoast-seo-wordpress\/ -->\n<title>LA LONG BEC BLANC 2018 - AOC Touraine Val de Loire<\/title>\n<meta name=\"robots\" content=\"index, follow, max-snippet:-1, max-image-preview:large, max-video-preview:-1\" \/>\n<link rel=\"canonical\" href=\"https:\/\/www.vintouraine.com\/en\/produit\/la-long-bec-blanc-2018\/\" \/>\n<meta property=\"og:locale\" content=\"en_US\" \/>\n<meta property=\"og:type\" content=\"article\" \/>\n<meta property=\"og:title\" content=\"LA LONG BEC BLANC 2018 - AOC Touraine Val de Loire\" \/>\n<meta property=\"og:description\" content=\"Appellation&nbsp;: AOC Touraine Chenonceaux  Couleur&nbsp;: Blanc  Descriptif&nbsp;: C\u00e9page : 100% sauvignon Le nez : Fruits blancs m\u00fbrs (p\u00eache, poire, coing) et finale exotique En bouche : Sec, tendre gras et fruit\u00e9, volume et belle longueur A boire : D\u00e9guster frais (8\u00b0C) pour l&#039;ap\u00e9ritif ou pour accompagner bar ou turbo grill\u00e9s, coquilles Saint-Jacques, fromages \u00e0 p\u00e2tes cuites affin\u00e9es (comt\u00e9 12 mois minimum, beaufort d&#039;alpage, brebis basque...), un plat de cuisine tha\u00ef ou encore des hu\u00eetres plates. Distinctions : Mill\u00e9sime 2018 : m\u00e9daille d&#039;argent au Mondial du Sauvignon. Mill\u00e9sime 2016 cit\u00e9 au Guide Hachette des Vins 2019)  Lien vers site&nbsp;: http:\/\/www.domaine-echardieres.com\/index.php\/nos-vins\/blancs\" \/>\n<meta property=\"og:url\" content=\"https:\/\/www.vintouraine.com\/produit\/la-long-bec-blanc-2018\/\" \/>\n<meta property=\"og:site_name\" content=\"AOC Touraine Val de Loire\" \/>\n<meta property=\"article:publisher\" content=\"https:\/\/www.facebook.com\/aoctouraine\/\" \/>\n<meta property=\"article:modified_time\" content=\"2022-05-16T15:23:32+00:00\" \/>\n<meta property=\"og:image\" content=\"https:\/\/www.vintouraine.com\/wp-content\/uploads\/2020\/11\/Domaine-Echardieres_LaLongBecBlanc.jpg\" \/>\n\t<meta property=\"og:image:width\" content=\"600\" \/>\n\t<meta property=\"og:image:height\" content=\"600\" \/>\n\t<meta property=\"og:image:type\" content=\"image\/jpeg\" \/>\n<meta name=\"twitter:card\" content=\"summary_large_image\" \/>\n<meta name=\"twitter:site\" content=\"@AOCTouraine\" \/>\n<script type=\"application\/ld+json\" class=\"yoast-schema-graph\">{\"@context\":\"https:\\\/\\\/schema.org\",\"@graph\":[{\"@type\":\"WebPage\",\"@id\":\"https:\\\/\\\/www.vintouraine.com\\\/produit\\\/la-long-bec-blanc-2018\\\/\",\"url\":\"https:\\\/\\\/www.vintouraine.com\\\/produit\\\/la-long-bec-blanc-2018\\\/\",\"name\":\"LA LONG BEC BLANC 2018 - AOC Touraine Val de Loire\",\"isPartOf\":{\"@id\":\"https:\\\/\\\/vintouraine.com\\\/#website\"},\"primaryImageOfPage\":{\"@id\":\"https:\\\/\\\/www.vintouraine.com\\\/produit\\\/la-long-bec-blanc-2018\\\/#primaryimage\"},\"image\":{\"@id\":\"https:\\\/\\\/www.vintouraine.com\\\/produit\\\/la-long-bec-blanc-2018\\\/#primaryimage\"},\"thumbnailUrl\":\"https:\\\/\\\/www.vintouraine.com\\\/wp-content\\\/uploads\\\/2020\\\/11\\\/Domaine-Echardieres_LaLongBecBlanc.jpg\",\"datePublished\":\"2020-11-05T10:21:30+00:00\",\"dateModified\":\"2022-05-16T15:23:32+00:00\",\"breadcrumb\":{\"@id\":\"https:\\\/\\\/www.vintouraine.com\\\/produit\\\/la-long-bec-blanc-2018\\\/#breadcrumb\"},\"inLanguage\":\"en-US\",\"potentialAction\":[{\"@type\":\"ReadAction\",\"target\":[\"https:\\\/\\\/www.vintouraine.com\\\/produit\\\/la-long-bec-blanc-2018\\\/\"]}]},{\"@type\":\"ImageObject\",\"inLanguage\":\"en-US\",\"@id\":\"https:\\\/\\\/www.vintouraine.com\\\/produit\\\/la-long-bec-blanc-2018\\\/#primaryimage\",\"url\":\"https:\\\/\\\/www.vintouraine.com\\\/wp-content\\\/uploads\\\/2020\\\/11\\\/Domaine-Echardieres_LaLongBecBlanc.jpg\",\"contentUrl\":\"https:\\\/\\\/www.vintouraine.com\\\/wp-content\\\/uploads\\\/2020\\\/11\\\/Domaine-Echardieres_LaLongBecBlanc.jpg\",\"width\":600,\"height\":600},{\"@type\":\"BreadcrumbList\",\"@id\":\"https:\\\/\\\/www.vintouraine.com\\\/produit\\\/la-long-bec-blanc-2018\\\/#breadcrumb\",\"itemListElement\":[{\"@type\":\"ListItem\",\"position\":1,\"name\":\"Home\",\"item\":\"https:\\\/\\\/vintouraine.com\\\/en\\\/\"},{\"@type\":\"ListItem\",\"position\":2,\"name\":\"Boutique\",\"item\":\"https:\\\/\\\/vintouraine.com\\\/boutique\\\/\"},{\"@type\":\"ListItem\",\"position\":3,\"name\":\"LA LONG BEC BLANC 2018\"}]},{\"@type\":\"WebSite\",\"@id\":\"https:\\\/\\\/vintouraine.com\\\/#website\",\"url\":\"https:\\\/\\\/vintouraine.com\\\/\",\"name\":\"AOC Touraine Val de Loire\",\"description\":\"\",\"publisher\":{\"@id\":\"https:\\\/\\\/vintouraine.com\\\/#organization\"},\"potentialAction\":[{\"@type\":\"SearchAction\",\"target\":{\"@type\":\"EntryPoint\",\"urlTemplate\":\"https:\\\/\\\/vintouraine.com\\\/?s={search_term_string}\"},\"query-input\":{\"@type\":\"PropertyValueSpecification\",\"valueRequired\":true,\"valueName\":\"search_term_string\"}}],\"inLanguage\":\"en-US\"},{\"@type\":\"Organization\",\"@id\":\"https:\\\/\\\/vintouraine.com\\\/#organization\",\"name\":\"AOC TOURAINE\",\"url\":\"https:\\\/\\\/vintouraine.com\\\/\",\"logo\":{\"@type\":\"ImageObject\",\"inLanguage\":\"en-US\",\"@id\":\"https:\\\/\\\/vintouraine.com\\\/#\\\/schema\\\/logo\\\/image\\\/\",\"url\":\"https:\\\/\\\/www.vintouraine.com\\\/wp-content\\\/uploads\\\/2018\\\/05\\\/logo-aoc-touraine.png\",\"contentUrl\":\"https:\\\/\\\/www.vintouraine.com\\\/wp-content\\\/uploads\\\/2018\\\/05\\\/logo-aoc-touraine.png\",\"width\":330,\"height\":85,\"caption\":\"AOC TOURAINE\"},\"image\":{\"@id\":\"https:\\\/\\\/vintouraine.com\\\/#\\\/schema\\\/logo\\\/image\\\/\"},\"sameAs\":[\"https:\\\/\\\/www.facebook.com\\\/aoctouraine\\\/\",\"https:\\\/\\\/x.com\\\/AOCTouraine\"]}]}<\/script>\n<!-- \/ Yoast SEO plugin. -->","yoast_head_json":{"title":"LA LONG BEC BLANC 2018 - AOC Touraine Val de Loire","robots":{"index":"index","follow":"follow","max-snippet":"max-snippet:-1","max-image-preview":"max-image-preview:large","max-video-preview":"max-video-preview:-1"},"canonical":"https:\/\/www.vintouraine.com\/en\/produit\/la-long-bec-blanc-2018\/","og_locale":"en_US","og_type":"article","og_title":"LA LONG BEC BLANC 2018 - AOC Touraine Val de Loire","og_description":"Appellation&nbsp;: AOC Touraine Chenonceaux  Couleur&nbsp;: Blanc  Descriptif&nbsp;: C\u00e9page : 100% sauvignon Le nez : Fruits blancs m\u00fbrs (p\u00eache, poire, coing) et finale exotique En bouche : Sec, tendre gras et fruit\u00e9, volume et belle longueur A boire : D\u00e9guster frais (8\u00b0C) pour l'ap\u00e9ritif ou pour accompagner bar ou turbo grill\u00e9s, coquilles Saint-Jacques, fromages \u00e0 p\u00e2tes cuites affin\u00e9es (comt\u00e9 12 mois minimum, beaufort d'alpage, brebis basque...), un plat de cuisine tha\u00ef ou encore des hu\u00eetres plates. Distinctions : Mill\u00e9sime 2018 : m\u00e9daille d'argent au Mondial du Sauvignon. Mill\u00e9sime 2016 cit\u00e9 au Guide Hachette des Vins 2019)  Lien vers site&nbsp;: http:\/\/www.domaine-echardieres.com\/index.php\/nos-vins\/blancs","og_url":"https:\/\/www.vintouraine.com\/produit\/la-long-bec-blanc-2018\/","og_site_name":"AOC Touraine Val de Loire","article_publisher":"https:\/\/www.facebook.com\/aoctouraine\/","article_modified_time":"2022-05-16T15:23:32+00:00","og_image":[{"width":600,"height":600,"url":"https:\/\/www.vintouraine.com\/wp-content\/uploads\/2020\/11\/Domaine-Echardieres_LaLongBecBlanc.jpg","type":"image\/jpeg"}],"twitter_card":"summary_large_image","twitter_site":"@AOCTouraine","schema":{"@context":"https:\/\/schema.org","@graph":[{"@type":"WebPage","@id":"https:\/\/www.vintouraine.com\/produit\/la-long-bec-blanc-2018\/","url":"https:\/\/www.vintouraine.com\/produit\/la-long-bec-blanc-2018\/","name":"LA LONG BEC BLANC 2018 - AOC Touraine Val de Loire","isPartOf":{"@id":"https:\/\/vintouraine.com\/#website"},"primaryImageOfPage":{"@id":"https:\/\/www.vintouraine.com\/produit\/la-long-bec-blanc-2018\/#primaryimage"},"image":{"@id":"https:\/\/www.vintouraine.com\/produit\/la-long-bec-blanc-2018\/#primaryimage"},"thumbnailUrl":"https:\/\/www.vintouraine.com\/wp-content\/uploads\/2020\/11\/Domaine-Echardieres_LaLongBecBlanc.jpg","datePublished":"2020-11-05T10:21:30+00:00","dateModified":"2022-05-16T15:23:32+00:00","breadcrumb":{"@id":"https:\/\/www.vintouraine.com\/produit\/la-long-bec-blanc-2018\/#breadcrumb"},"inLanguage":"en-US","potentialAction":[{"@type":"ReadAction","target":["https:\/\/www.vintouraine.com\/produit\/la-long-bec-blanc-2018\/"]}]},{"@type":"ImageObject","inLanguage":"en-US","@id":"https:\/\/www.vintouraine.com\/produit\/la-long-bec-blanc-2018\/#primaryimage","url":"https:\/\/www.vintouraine.com\/wp-content\/uploads\/2020\/11\/Domaine-Echardieres_LaLongBecBlanc.jpg","contentUrl":"https:\/\/www.vintouraine.com\/wp-content\/uploads\/2020\/11\/Domaine-Echardieres_LaLongBecBlanc.jpg","width":600,"height":600},{"@type":"BreadcrumbList","@id":"https:\/\/www.vintouraine.com\/produit\/la-long-bec-blanc-2018\/#breadcrumb","itemListElement":[{"@type":"ListItem","position":1,"name":"Home","item":"https:\/\/vintouraine.com\/en\/"},{"@type":"ListItem","position":2,"name":"Boutique","item":"https:\/\/vintouraine.com\/boutique\/"},{"@type":"ListItem","position":3,"name":"LA LONG BEC BLANC 2018"}]},{"@type":"WebSite","@id":"https:\/\/vintouraine.com\/#website","url":"https:\/\/vintouraine.com\/","name":"AOC Touraine Val de Loire","description":"","publisher":{"@id":"https:\/\/vintouraine.com\/#organization"},"potentialAction":[{"@type":"SearchAction","target":{"@type":"EntryPoint","urlTemplate":"https:\/\/vintouraine.com\/?s={search_term_string}"},"query-input":{"@type":"PropertyValueSpecification","valueRequired":true,"valueName":"search_term_string"}}],"inLanguage":"en-US"},{"@type":"Organization","@id":"https:\/\/vintouraine.com\/#organization","name":"AOC TOURAINE","url":"https:\/\/vintouraine.com\/","logo":{"@type":"ImageObject","inLanguage":"en-US","@id":"https:\/\/vintouraine.com\/#\/schema\/logo\/image\/","url":"https:\/\/www.vintouraine.com\/wp-content\/uploads\/2018\/05\/logo-aoc-touraine.png","contentUrl":"https:\/\/www.vintouraine.com\/wp-content\/uploads\/2018\/05\/logo-aoc-touraine.png","width":330,"height":85,"caption":"AOC TOURAINE"},"image":{"@id":"https:\/\/vintouraine.com\/#\/schema\/logo\/image\/"},"sameAs":["https:\/\/www.facebook.com\/aoctouraine\/","https:\/\/x.com\/AOCTouraine"]}]}},"_links":{"self":[{"href":"https:\/\/www.vintouraine.com\/en\/wp-json\/wp\/v2\/product\/4884\/"}],"collection":[{"href":"https:\/\/www.vintouraine.com\/en\/wp-json\/wp\/v2\/product\/"}],"about":[{"href":"https:\/\/www.vintouraine.com\/en\/wp-json\/wp\/v2\/types\/product\/"}],"wp:featuredmedia":[{"embeddable":true,"href":"https:\/\/www.vintouraine.com\/en\/wp-json\/wp\/v2\/media\/4827\/"}],"wp:attachment":[{"href":"https:\/\/www.vintouraine.com\/en\/wp-json\/wp\/v2\/media\/?parent=4884"}],"wp:term":[{"taxonomy":"product_brand","embeddable":true,"href":"https:\/\/www.vintouraine.com\/en\/wp-json\/wp\/v2\/product_brand\/?post=4884"},{"taxonomy":"product_cat","embeddable":true,"href":"https:\/\/www.vintouraine.com\/en\/wp-json\/wp\/v2\/product_cat\/?post=4884"},{"taxonomy":"product_tag","embeddable":true,"href":"https:\/\/www.vintouraine.com\/en\/wp-json\/wp\/v2\/product_tag\/?post=4884"}],"curies":[{"name":"wp","href":"https:\/\/api.w.org\/{rel}","templated":true}]}}