{"id":4909,"date":"2020-11-05T15:35:54","date_gmt":"2020-11-05T14:35:54","guid":{"rendered":"https:\/\/www.vintouraine.com\/?post_type=product&#038;p=4909"},"modified":"2022-05-16T17:23:25","modified_gmt":"2022-05-16T15:23:25","slug":"touraine-sauvignon-2019-3","status":"publish","type":"product","link":"https:\/\/www.vintouraine.com\/en\/produit\/touraine-sauvignon-2019-3\/","title":{"rendered":"TOURAINE SAUVIGNON 2019"},"content":{"rendered":"","protected":false},"excerpt":{"rendered":"<p><strong>Appellation&nbsp;:<\/strong> AOC Touraine<\/p>\n<p><strong>Couleur&nbsp;:<\/strong> Blanc<\/p>\n<p><strong>Descriptif&nbsp;:<br \/>\n<\/strong>Gr\u00e2ce au raisin r\u00e9colt\u00e9 \u00e0 maturit\u00e9, son nez tr\u00e8s puissant s&#8217;ouvre en premier lieu sur des ar\u00f4mes de fruits exotiques (mangue fra\u00eeche, fruits de la passion). Puis ce sont des notes de fruits \u00e0 chair blanche (p\u00eache) qui dominent ce nez tout en complexit\u00e9. En bouche, l&#8217;attaque ample et charnue souligne la richesse de ce vin. Sa finale, fra\u00eeche et fruit\u00e9e, met en valeur toute sa complexit\u00e9 aromatique. Une finale, tout en rondeur, soulign\u00e9e par une jolie note de litchi. Sa tenue fra\u00eeche souligne un vin d&#8217;un volume et d&#8217;une ampleur exceptionnels.<\/p>\n<p><strong>Lien vers site&nbsp;:<\/strong> <a href=\"https:\/\/lagabilliere.fr\/vins-blancs\/23-touraine-sauvignon-2019.html\" target=\"_blank\" rel=\"noopener noreferrer\">https:\/\/lagabilliere.fr\/vins-blancs\/23-touraine-sauvignon-2019.html<\/a><\/p>","protected":false},"featured_media":4980,"template":"","meta":{"_acf_changed":false,"ngg_post_thumbnail":0},"product_brand":[],"product_cat":[86],"product_tag":[],"class_list":{"0":"post-4909","1":"product","2":"type-product","3":"status-publish","4":"has-post-thumbnail","6":"product_cat-domaine-de-la-gabilliere","8":"first","9":"outofstock","10":"taxable","11":"shipping-taxable","12":"purchasable","13":"product-type-simple"},"acf":[],"yoast_head":"<!-- This site is optimized with the Yoast SEO plugin v27.4 - https:\/\/yoast.com\/product\/yoast-seo-wordpress\/ -->\n<title>TOURAINE SAUVIGNON 2019 - AOC Touraine Val de Loire<\/title>\n<meta name=\"robots\" content=\"index, follow, max-snippet:-1, max-image-preview:large, max-video-preview:-1\" \/>\n<link rel=\"canonical\" href=\"https:\/\/vintouraine.com\/produit\/touraine-sauvignon-2019-3\/\" \/>\n<meta property=\"og:locale\" content=\"en_US\" \/>\n<meta property=\"og:type\" content=\"article\" \/>\n<meta property=\"og:title\" content=\"TOURAINE SAUVIGNON 2019 - AOC Touraine Val de Loire\" \/>\n<meta property=\"og:description\" content=\"Appellation&nbsp;: AOC Touraine  Couleur&nbsp;: Blanc  Descriptif&nbsp;: Gr\u00e2ce au raisin r\u00e9colt\u00e9 \u00e0 maturit\u00e9, son nez tr\u00e8s puissant s&#039;ouvre en premier lieu sur des ar\u00f4mes de fruits exotiques (mangue fra\u00eeche, fruits de la passion). Puis ce sont des notes de fruits \u00e0 chair blanche (p\u00eache) qui dominent ce nez tout en complexit\u00e9. En bouche, l&#039;attaque ample et charnue souligne la richesse de ce vin. Sa finale, fra\u00eeche et fruit\u00e9e, met en valeur toute sa complexit\u00e9 aromatique. Une finale, tout en rondeur, soulign\u00e9e par une jolie note de litchi. Sa tenue fra\u00eeche souligne un vin d&#039;un volume et d&#039;une ampleur exceptionnels.  Lien vers site&nbsp;: https:\/\/lagabilliere.fr\/vins-blancs\/23-touraine-sauvignon-2019.html\" \/>\n<meta property=\"og:url\" content=\"https:\/\/vintouraine.com\/produit\/touraine-sauvignon-2019-3\/\" \/>\n<meta property=\"og:site_name\" content=\"AOC Touraine Val de Loire\" \/>\n<meta property=\"article:publisher\" content=\"https:\/\/www.facebook.com\/aoctouraine\/\" \/>\n<meta property=\"article:modified_time\" content=\"2022-05-16T15:23:25+00:00\" \/>\n<meta property=\"og:image\" content=\"https:\/\/vintouraine.com\/wp-content\/uploads\/2020\/11\/Domaine-La-Gabilliere_Touraine-Sauvignon-003.jpg\" \/>\n\t<meta property=\"og:image:width\" content=\"600\" \/>\n\t<meta property=\"og:image:height\" content=\"600\" \/>\n\t<meta property=\"og:image:type\" content=\"image\/jpeg\" \/>\n<meta name=\"twitter:card\" content=\"summary_large_image\" \/>\n<meta name=\"twitter:site\" content=\"@AOCTouraine\" \/>\n<script type=\"application\/ld+json\" class=\"yoast-schema-graph\">{\"@context\":\"https:\\\/\\\/schema.org\",\"@graph\":[{\"@type\":\"WebPage\",\"@id\":\"https:\\\/\\\/vintouraine.com\\\/produit\\\/touraine-sauvignon-2019-3\\\/\",\"url\":\"https:\\\/\\\/vintouraine.com\\\/produit\\\/touraine-sauvignon-2019-3\\\/\",\"name\":\"TOURAINE SAUVIGNON 2019 - AOC Touraine Val de Loire\",\"isPartOf\":{\"@id\":\"https:\\\/\\\/vintouraine.com\\\/#website\"},\"primaryImageOfPage\":{\"@id\":\"https:\\\/\\\/vintouraine.com\\\/produit\\\/touraine-sauvignon-2019-3\\\/#primaryimage\"},\"image\":{\"@id\":\"https:\\\/\\\/vintouraine.com\\\/produit\\\/touraine-sauvignon-2019-3\\\/#primaryimage\"},\"thumbnailUrl\":\"https:\\\/\\\/www.vintouraine.com\\\/wp-content\\\/uploads\\\/2020\\\/11\\\/Domaine-La-Gabilliere_Touraine-Sauvignon-003.jpg\",\"datePublished\":\"2020-11-05T14:35:54+00:00\",\"dateModified\":\"2022-05-16T15:23:25+00:00\",\"breadcrumb\":{\"@id\":\"https:\\\/\\\/vintouraine.com\\\/produit\\\/touraine-sauvignon-2019-3\\\/#breadcrumb\"},\"inLanguage\":\"en-US\",\"potentialAction\":[{\"@type\":\"ReadAction\",\"target\":[\"https:\\\/\\\/vintouraine.com\\\/produit\\\/touraine-sauvignon-2019-3\\\/\"]}]},{\"@type\":\"ImageObject\",\"inLanguage\":\"en-US\",\"@id\":\"https:\\\/\\\/vintouraine.com\\\/produit\\\/touraine-sauvignon-2019-3\\\/#primaryimage\",\"url\":\"https:\\\/\\\/www.vintouraine.com\\\/wp-content\\\/uploads\\\/2020\\\/11\\\/Domaine-La-Gabilliere_Touraine-Sauvignon-003.jpg\",\"contentUrl\":\"https:\\\/\\\/www.vintouraine.com\\\/wp-content\\\/uploads\\\/2020\\\/11\\\/Domaine-La-Gabilliere_Touraine-Sauvignon-003.jpg\",\"width\":600,\"height\":600},{\"@type\":\"BreadcrumbList\",\"@id\":\"https:\\\/\\\/vintouraine.com\\\/produit\\\/touraine-sauvignon-2019-3\\\/#breadcrumb\",\"itemListElement\":[{\"@type\":\"ListItem\",\"position\":1,\"name\":\"Home\",\"item\":\"https:\\\/\\\/vintouraine.com\\\/en\\\/\"},{\"@type\":\"ListItem\",\"position\":2,\"name\":\"Boutique\",\"item\":\"https:\\\/\\\/vintouraine.com\\\/boutique\\\/\"},{\"@type\":\"ListItem\",\"position\":3,\"name\":\"TOURAINE SAUVIGNON 2019\"}]},{\"@type\":\"WebSite\",\"@id\":\"https:\\\/\\\/vintouraine.com\\\/#website\",\"url\":\"https:\\\/\\\/vintouraine.com\\\/\",\"name\":\"AOC Touraine Val de Loire\",\"description\":\"\",\"publisher\":{\"@id\":\"https:\\\/\\\/vintouraine.com\\\/#organization\"},\"potentialAction\":[{\"@type\":\"SearchAction\",\"target\":{\"@type\":\"EntryPoint\",\"urlTemplate\":\"https:\\\/\\\/vintouraine.com\\\/?s={search_term_string}\"},\"query-input\":{\"@type\":\"PropertyValueSpecification\",\"valueRequired\":true,\"valueName\":\"search_term_string\"}}],\"inLanguage\":\"en-US\"},{\"@type\":\"Organization\",\"@id\":\"https:\\\/\\\/vintouraine.com\\\/#organization\",\"name\":\"AOC TOURAINE\",\"url\":\"https:\\\/\\\/vintouraine.com\\\/\",\"logo\":{\"@type\":\"ImageObject\",\"inLanguage\":\"en-US\",\"@id\":\"https:\\\/\\\/vintouraine.com\\\/#\\\/schema\\\/logo\\\/image\\\/\",\"url\":\"https:\\\/\\\/www.vintouraine.com\\\/wp-content\\\/uploads\\\/2018\\\/05\\\/logo-aoc-touraine.png\",\"contentUrl\":\"https:\\\/\\\/www.vintouraine.com\\\/wp-content\\\/uploads\\\/2018\\\/05\\\/logo-aoc-touraine.png\",\"width\":330,\"height\":85,\"caption\":\"AOC TOURAINE\"},\"image\":{\"@id\":\"https:\\\/\\\/vintouraine.com\\\/#\\\/schema\\\/logo\\\/image\\\/\"},\"sameAs\":[\"https:\\\/\\\/www.facebook.com\\\/aoctouraine\\\/\",\"https:\\\/\\\/x.com\\\/AOCTouraine\"]}]}<\/script>\n<!-- \/ Yoast SEO plugin. -->","yoast_head_json":{"title":"TOURAINE SAUVIGNON 2019 - AOC Touraine Val de Loire","robots":{"index":"index","follow":"follow","max-snippet":"max-snippet:-1","max-image-preview":"max-image-preview:large","max-video-preview":"max-video-preview:-1"},"canonical":"https:\/\/vintouraine.com\/produit\/touraine-sauvignon-2019-3\/","og_locale":"en_US","og_type":"article","og_title":"TOURAINE SAUVIGNON 2019 - AOC Touraine Val de Loire","og_description":"Appellation&nbsp;: AOC Touraine  Couleur&nbsp;: Blanc  Descriptif&nbsp;: Gr\u00e2ce au raisin r\u00e9colt\u00e9 \u00e0 maturit\u00e9, son nez tr\u00e8s puissant s'ouvre en premier lieu sur des ar\u00f4mes de fruits exotiques (mangue fra\u00eeche, fruits de la passion). Puis ce sont des notes de fruits \u00e0 chair blanche (p\u00eache) qui dominent ce nez tout en complexit\u00e9. En bouche, l'attaque ample et charnue souligne la richesse de ce vin. Sa finale, fra\u00eeche et fruit\u00e9e, met en valeur toute sa complexit\u00e9 aromatique. Une finale, tout en rondeur, soulign\u00e9e par une jolie note de litchi. Sa tenue fra\u00eeche souligne un vin d'un volume et d'une ampleur exceptionnels.  Lien vers site&nbsp;: https:\/\/lagabilliere.fr\/vins-blancs\/23-touraine-sauvignon-2019.html","og_url":"https:\/\/vintouraine.com\/produit\/touraine-sauvignon-2019-3\/","og_site_name":"AOC Touraine Val de Loire","article_publisher":"https:\/\/www.facebook.com\/aoctouraine\/","article_modified_time":"2022-05-16T15:23:25+00:00","og_image":[{"width":600,"height":600,"url":"https:\/\/vintouraine.com\/wp-content\/uploads\/2020\/11\/Domaine-La-Gabilliere_Touraine-Sauvignon-003.jpg","type":"image\/jpeg"}],"twitter_card":"summary_large_image","twitter_site":"@AOCTouraine","schema":{"@context":"https:\/\/schema.org","@graph":[{"@type":"WebPage","@id":"https:\/\/vintouraine.com\/produit\/touraine-sauvignon-2019-3\/","url":"https:\/\/vintouraine.com\/produit\/touraine-sauvignon-2019-3\/","name":"TOURAINE SAUVIGNON 2019 - AOC Touraine Val de Loire","isPartOf":{"@id":"https:\/\/vintouraine.com\/#website"},"primaryImageOfPage":{"@id":"https:\/\/vintouraine.com\/produit\/touraine-sauvignon-2019-3\/#primaryimage"},"image":{"@id":"https:\/\/vintouraine.com\/produit\/touraine-sauvignon-2019-3\/#primaryimage"},"thumbnailUrl":"https:\/\/www.vintouraine.com\/wp-content\/uploads\/2020\/11\/Domaine-La-Gabilliere_Touraine-Sauvignon-003.jpg","datePublished":"2020-11-05T14:35:54+00:00","dateModified":"2022-05-16T15:23:25+00:00","breadcrumb":{"@id":"https:\/\/vintouraine.com\/produit\/touraine-sauvignon-2019-3\/#breadcrumb"},"inLanguage":"en-US","potentialAction":[{"@type":"ReadAction","target":["https:\/\/vintouraine.com\/produit\/touraine-sauvignon-2019-3\/"]}]},{"@type":"ImageObject","inLanguage":"en-US","@id":"https:\/\/vintouraine.com\/produit\/touraine-sauvignon-2019-3\/#primaryimage","url":"https:\/\/www.vintouraine.com\/wp-content\/uploads\/2020\/11\/Domaine-La-Gabilliere_Touraine-Sauvignon-003.jpg","contentUrl":"https:\/\/www.vintouraine.com\/wp-content\/uploads\/2020\/11\/Domaine-La-Gabilliere_Touraine-Sauvignon-003.jpg","width":600,"height":600},{"@type":"BreadcrumbList","@id":"https:\/\/vintouraine.com\/produit\/touraine-sauvignon-2019-3\/#breadcrumb","itemListElement":[{"@type":"ListItem","position":1,"name":"Home","item":"https:\/\/vintouraine.com\/en\/"},{"@type":"ListItem","position":2,"name":"Boutique","item":"https:\/\/vintouraine.com\/boutique\/"},{"@type":"ListItem","position":3,"name":"TOURAINE SAUVIGNON 2019"}]},{"@type":"WebSite","@id":"https:\/\/vintouraine.com\/#website","url":"https:\/\/vintouraine.com\/","name":"AOC Touraine Val de Loire","description":"","publisher":{"@id":"https:\/\/vintouraine.com\/#organization"},"potentialAction":[{"@type":"SearchAction","target":{"@type":"EntryPoint","urlTemplate":"https:\/\/vintouraine.com\/?s={search_term_string}"},"query-input":{"@type":"PropertyValueSpecification","valueRequired":true,"valueName":"search_term_string"}}],"inLanguage":"en-US"},{"@type":"Organization","@id":"https:\/\/vintouraine.com\/#organization","name":"AOC TOURAINE","url":"https:\/\/vintouraine.com\/","logo":{"@type":"ImageObject","inLanguage":"en-US","@id":"https:\/\/vintouraine.com\/#\/schema\/logo\/image\/","url":"https:\/\/www.vintouraine.com\/wp-content\/uploads\/2018\/05\/logo-aoc-touraine.png","contentUrl":"https:\/\/www.vintouraine.com\/wp-content\/uploads\/2018\/05\/logo-aoc-touraine.png","width":330,"height":85,"caption":"AOC TOURAINE"},"image":{"@id":"https:\/\/vintouraine.com\/#\/schema\/logo\/image\/"},"sameAs":["https:\/\/www.facebook.com\/aoctouraine\/","https:\/\/x.com\/AOCTouraine"]}]}},"_links":{"self":[{"href":"https:\/\/www.vintouraine.com\/en\/wp-json\/wp\/v2\/product\/4909\/"}],"collection":[{"href":"https:\/\/www.vintouraine.com\/en\/wp-json\/wp\/v2\/product\/"}],"about":[{"href":"https:\/\/www.vintouraine.com\/en\/wp-json\/wp\/v2\/types\/product\/"}],"wp:featuredmedia":[{"embeddable":true,"href":"https:\/\/www.vintouraine.com\/en\/wp-json\/wp\/v2\/media\/4980\/"}],"wp:attachment":[{"href":"https:\/\/www.vintouraine.com\/en\/wp-json\/wp\/v2\/media\/?parent=4909"}],"wp:term":[{"taxonomy":"product_brand","embeddable":true,"href":"https:\/\/www.vintouraine.com\/en\/wp-json\/wp\/v2\/product_brand\/?post=4909"},{"taxonomy":"product_cat","embeddable":true,"href":"https:\/\/www.vintouraine.com\/en\/wp-json\/wp\/v2\/product_cat\/?post=4909"},{"taxonomy":"product_tag","embeddable":true,"href":"https:\/\/www.vintouraine.com\/en\/wp-json\/wp\/v2\/product_tag\/?post=4909"}],"curies":[{"name":"wp","href":"https:\/\/api.w.org\/{rel}","templated":true}]}}