{"id":5208,"date":"2020-11-09T12:06:47","date_gmt":"2020-11-09T11:06:47","guid":{"rendered":"https:\/\/www.vintouraine.com\/?post_type=product&#038;p=5208"},"modified":"2022-05-16T17:21:41","modified_gmt":"2022-05-16T15:21:41","slug":"clef-de-sol-2018","status":"publish","type":"product","link":"https:\/\/www.vintouraine.com\/en\/produit\/clef-de-sol-2018\/","title":{"rendered":"CLEF DE SOL 2018"},"content":{"rendered":"","protected":false},"excerpt":{"rendered":"<p><strong>Appellation&nbsp;:<\/strong> AOC Touraine<\/p>\n<p><strong>Couleur&nbsp;:<\/strong> Rouge<\/p>\n<p><strong>Descriptif&nbsp;:<br \/>\n<\/strong><span style=\"text-decoration: underline;\">C\u00e9pages<\/span> : Cabernet Franc et C\u00f4t<br \/>\n<span style=\"text-decoration: underline;\">En 3 mots<\/span> : vin de garde (\u00e0 garder\u2026ou \u00e0 boire&nbsp;!!)<br \/>\n<span style=\"text-decoration: underline;\">Notre id\u00e9e de cette cuv\u00e9e<\/span> : Pour pousser plus loin l\u2019expression du terroir d\u2019Amboise, Clef de Sol est taill\u00e9 pour la garde avec un \u00e9levage r\u00e9alis\u00e9 enti\u00e8rement en barriques et l\u2019assemblage de c\u00e9pages aux caract\u00e8res affirm\u00e9s, typique d\u2019Amboise.<br \/>\n<span style=\"text-decoration: underline;\">Accord mets\/vin<\/span> : Clef de Sol rouge est taill\u00e9 pour la table. Il s\u2019accorde parfaitement avec des viandes mijot\u00e9es ou des \u00ab&nbsp;plats d\u2019hiver&nbsp;\u00bb.<br \/>\n<span style=\"text-decoration: underline;\">Potentiel de garde<\/span> : 5 \u00e0 10 ans<br \/>\n<span style=\"text-decoration: underline;\">Conseil de service<\/span> : ouvrir 2h avant de le boire et le servir \u00e0 18\u00b0C.<\/p>\n<p><em>A noter&nbsp;! : Clef de Sol rouge est disponible en bouteille ou en magnum.<\/em><\/p>\n<p><strong>Lien vers site&nbsp;:<\/strong> <a href=\"http:\/\/www.lagrangetiphaine.com\/nos-vins\/clef-de-sol-rouge\/\" target=\"_blank\" rel=\"noopener noreferrer\">http:\/\/www.lagrangetiphaine.com\/nos-vins\/clef-de-sol-rouge\/<\/a><\/p>","protected":false},"featured_media":5165,"template":"","meta":{"_acf_changed":false,"ngg_post_thumbnail":0},"product_brand":[],"product_cat":[100],"product_tag":[],"class_list":{"0":"post-5208","1":"product","2":"type-product","3":"status-publish","4":"has-post-thumbnail","6":"product_cat-la-grange-tiphaine","8":"first","9":"outofstock","10":"taxable","11":"shipping-taxable","12":"purchasable","13":"product-type-simple"},"acf":[],"yoast_head":"<!-- This site is optimized with the Yoast SEO plugin v27.5 - https:\/\/yoast.com\/product\/yoast-seo-wordpress\/ -->\n<title>CLEF DE SOL 2018 - AOC Touraine Val de Loire<\/title>\n<meta name=\"robots\" content=\"index, follow, max-snippet:-1, max-image-preview:large, max-video-preview:-1\" \/>\n<link rel=\"canonical\" href=\"https:\/\/www.vintouraine.com\/en\/produit\/clef-de-sol-2018\/\" \/>\n<meta property=\"og:locale\" content=\"en_US\" \/>\n<meta property=\"og:type\" content=\"article\" \/>\n<meta property=\"og:title\" content=\"CLEF DE SOL 2018 - AOC Touraine Val de Loire\" \/>\n<meta property=\"og:description\" content=\"Appellation&nbsp;: AOC Touraine  Couleur&nbsp;: Rouge  Descriptif : C\u00e9pages : Cabernet Franc et C\u00f4t En 3 mots : vin de garde (\u00e0 garder\u2026ou \u00e0 boire !!) Notre id\u00e9e de cette cuv\u00e9e : Pour pousser plus loin l\u2019expression du terroir d\u2019Amboise, Clef de Sol est taill\u00e9 pour la garde avec un \u00e9levage r\u00e9alis\u00e9 enti\u00e8rement en barriques et l\u2019assemblage de c\u00e9pages aux caract\u00e8res affirm\u00e9s, typique d\u2019Amboise. Accord mets\/vin : Clef de Sol rouge est taill\u00e9 pour la table. Il s\u2019accorde parfaitement avec des viandes mijot\u00e9es ou des \u00ab plats d\u2019hiver \u00bb. Potentiel de garde : 5 \u00e0 10 ans Conseil de service : ouvrir 2h avant de le boire et le servir \u00e0 18\u00b0C.  A noter ! : Clef de Sol rouge est disponible en bouteille ou en magnum.  Lien vers site&nbsp;: http:\/\/www.lagrangetiphaine.com\/nos-vins\/clef-de-sol-rouge\/\" \/>\n<meta property=\"og:url\" content=\"https:\/\/www.vintouraine.com\/en\/produit\/clef-de-sol-2018\/\" \/>\n<meta property=\"og:site_name\" content=\"AOC Touraine Val de Loire\" \/>\n<meta property=\"article:publisher\" content=\"https:\/\/www.facebook.com\/aoctouraine\/\" \/>\n<meta property=\"article:modified_time\" content=\"2022-05-16T15:21:41+00:00\" \/>\n<meta property=\"og:image\" content=\"https:\/\/www.vintouraine.com\/wp-content\/uploads\/2020\/11\/La-Grange-Tiphaine_Clef-de-sol-rouge-detoure.jpg\" \/>\n\t<meta property=\"og:image:width\" content=\"360\" \/>\n\t<meta property=\"og:image:height\" content=\"285\" \/>\n\t<meta property=\"og:image:type\" content=\"image\/jpeg\" \/>\n<meta name=\"twitter:card\" content=\"summary_large_image\" \/>\n<meta name=\"twitter:site\" content=\"@AOCTouraine\" \/>\n<script type=\"application\/ld+json\" class=\"yoast-schema-graph\">{\"@context\":\"https:\\\/\\\/schema.org\",\"@graph\":[{\"@type\":\"WebPage\",\"@id\":\"https:\\\/\\\/www.vintouraine.com\\\/en\\\/produit\\\/clef-de-sol-2018\\\/\",\"url\":\"https:\\\/\\\/www.vintouraine.com\\\/en\\\/produit\\\/clef-de-sol-2018\\\/\",\"name\":\"CLEF DE SOL 2018 - AOC Touraine Val de Loire\",\"isPartOf\":{\"@id\":\"https:\\\/\\\/vintouraine.com\\\/#website\"},\"primaryImageOfPage\":{\"@id\":\"https:\\\/\\\/www.vintouraine.com\\\/en\\\/produit\\\/clef-de-sol-2018\\\/#primaryimage\"},\"image\":{\"@id\":\"https:\\\/\\\/www.vintouraine.com\\\/en\\\/produit\\\/clef-de-sol-2018\\\/#primaryimage\"},\"thumbnailUrl\":\"https:\\\/\\\/www.vintouraine.com\\\/wp-content\\\/uploads\\\/2020\\\/11\\\/La-Grange-Tiphaine_Clef-de-sol-rouge-detoure.jpg\",\"datePublished\":\"2020-11-09T11:06:47+00:00\",\"dateModified\":\"2022-05-16T15:21:41+00:00\",\"breadcrumb\":{\"@id\":\"https:\\\/\\\/www.vintouraine.com\\\/en\\\/produit\\\/clef-de-sol-2018\\\/#breadcrumb\"},\"inLanguage\":\"en-US\",\"potentialAction\":[{\"@type\":\"ReadAction\",\"target\":[\"https:\\\/\\\/www.vintouraine.com\\\/en\\\/produit\\\/clef-de-sol-2018\\\/\"]}]},{\"@type\":\"ImageObject\",\"inLanguage\":\"en-US\",\"@id\":\"https:\\\/\\\/www.vintouraine.com\\\/en\\\/produit\\\/clef-de-sol-2018\\\/#primaryimage\",\"url\":\"https:\\\/\\\/www.vintouraine.com\\\/wp-content\\\/uploads\\\/2020\\\/11\\\/La-Grange-Tiphaine_Clef-de-sol-rouge-detoure.jpg\",\"contentUrl\":\"https:\\\/\\\/www.vintouraine.com\\\/wp-content\\\/uploads\\\/2020\\\/11\\\/La-Grange-Tiphaine_Clef-de-sol-rouge-detoure.jpg\",\"width\":360,\"height\":285},{\"@type\":\"BreadcrumbList\",\"@id\":\"https:\\\/\\\/www.vintouraine.com\\\/en\\\/produit\\\/clef-de-sol-2018\\\/#breadcrumb\",\"itemListElement\":[{\"@type\":\"ListItem\",\"position\":1,\"name\":\"Home\",\"item\":\"https:\\\/\\\/vintouraine.com\\\/en\\\/\"},{\"@type\":\"ListItem\",\"position\":2,\"name\":\"Boutique\",\"item\":\"https:\\\/\\\/www.vintouraine.com\\\/boutique\\\/\"},{\"@type\":\"ListItem\",\"position\":3,\"name\":\"CLEF DE SOL 2018\"}]},{\"@type\":\"WebSite\",\"@id\":\"https:\\\/\\\/vintouraine.com\\\/#website\",\"url\":\"https:\\\/\\\/vintouraine.com\\\/\",\"name\":\"AOC Touraine Val de Loire\",\"description\":\"\",\"publisher\":{\"@id\":\"https:\\\/\\\/vintouraine.com\\\/#organization\"},\"potentialAction\":[{\"@type\":\"SearchAction\",\"target\":{\"@type\":\"EntryPoint\",\"urlTemplate\":\"https:\\\/\\\/vintouraine.com\\\/?s={search_term_string}\"},\"query-input\":{\"@type\":\"PropertyValueSpecification\",\"valueRequired\":true,\"valueName\":\"search_term_string\"}}],\"inLanguage\":\"en-US\"},{\"@type\":\"Organization\",\"@id\":\"https:\\\/\\\/vintouraine.com\\\/#organization\",\"name\":\"AOC TOURAINE\",\"url\":\"https:\\\/\\\/vintouraine.com\\\/\",\"logo\":{\"@type\":\"ImageObject\",\"inLanguage\":\"en-US\",\"@id\":\"https:\\\/\\\/vintouraine.com\\\/#\\\/schema\\\/logo\\\/image\\\/\",\"url\":\"https:\\\/\\\/www.vintouraine.com\\\/wp-content\\\/uploads\\\/2018\\\/05\\\/logo-aoc-touraine.png\",\"contentUrl\":\"https:\\\/\\\/www.vintouraine.com\\\/wp-content\\\/uploads\\\/2018\\\/05\\\/logo-aoc-touraine.png\",\"width\":330,\"height\":85,\"caption\":\"AOC TOURAINE\"},\"image\":{\"@id\":\"https:\\\/\\\/vintouraine.com\\\/#\\\/schema\\\/logo\\\/image\\\/\"},\"sameAs\":[\"https:\\\/\\\/www.facebook.com\\\/aoctouraine\\\/\",\"https:\\\/\\\/x.com\\\/AOCTouraine\"]}]}<\/script>\n<!-- \/ Yoast SEO plugin. -->","yoast_head_json":{"title":"CLEF DE SOL 2018 - AOC Touraine Val de Loire","robots":{"index":"index","follow":"follow","max-snippet":"max-snippet:-1","max-image-preview":"max-image-preview:large","max-video-preview":"max-video-preview:-1"},"canonical":"https:\/\/www.vintouraine.com\/en\/produit\/clef-de-sol-2018\/","og_locale":"en_US","og_type":"article","og_title":"CLEF DE SOL 2018 - AOC Touraine Val de Loire","og_description":"Appellation&nbsp;: AOC Touraine  Couleur&nbsp;: Rouge  Descriptif : C\u00e9pages : Cabernet Franc et C\u00f4t En 3 mots : vin de garde (\u00e0 garder\u2026ou \u00e0 boire !!) Notre id\u00e9e de cette cuv\u00e9e : Pour pousser plus loin l\u2019expression du terroir d\u2019Amboise, Clef de Sol est taill\u00e9 pour la garde avec un \u00e9levage r\u00e9alis\u00e9 enti\u00e8rement en barriques et l\u2019assemblage de c\u00e9pages aux caract\u00e8res affirm\u00e9s, typique d\u2019Amboise. Accord mets\/vin : Clef de Sol rouge est taill\u00e9 pour la table. Il s\u2019accorde parfaitement avec des viandes mijot\u00e9es ou des \u00ab plats d\u2019hiver \u00bb. Potentiel de garde : 5 \u00e0 10 ans Conseil de service : ouvrir 2h avant de le boire et le servir \u00e0 18\u00b0C.  A noter ! : Clef de Sol rouge est disponible en bouteille ou en magnum.  Lien vers site&nbsp;: http:\/\/www.lagrangetiphaine.com\/nos-vins\/clef-de-sol-rouge\/","og_url":"https:\/\/www.vintouraine.com\/en\/produit\/clef-de-sol-2018\/","og_site_name":"AOC Touraine Val de Loire","article_publisher":"https:\/\/www.facebook.com\/aoctouraine\/","article_modified_time":"2022-05-16T15:21:41+00:00","og_image":[{"width":360,"height":285,"url":"https:\/\/www.vintouraine.com\/wp-content\/uploads\/2020\/11\/La-Grange-Tiphaine_Clef-de-sol-rouge-detoure.jpg","type":"image\/jpeg"}],"twitter_card":"summary_large_image","twitter_site":"@AOCTouraine","schema":{"@context":"https:\/\/schema.org","@graph":[{"@type":"WebPage","@id":"https:\/\/www.vintouraine.com\/en\/produit\/clef-de-sol-2018\/","url":"https:\/\/www.vintouraine.com\/en\/produit\/clef-de-sol-2018\/","name":"CLEF DE SOL 2018 - AOC Touraine Val de Loire","isPartOf":{"@id":"https:\/\/vintouraine.com\/#website"},"primaryImageOfPage":{"@id":"https:\/\/www.vintouraine.com\/en\/produit\/clef-de-sol-2018\/#primaryimage"},"image":{"@id":"https:\/\/www.vintouraine.com\/en\/produit\/clef-de-sol-2018\/#primaryimage"},"thumbnailUrl":"https:\/\/www.vintouraine.com\/wp-content\/uploads\/2020\/11\/La-Grange-Tiphaine_Clef-de-sol-rouge-detoure.jpg","datePublished":"2020-11-09T11:06:47+00:00","dateModified":"2022-05-16T15:21:41+00:00","breadcrumb":{"@id":"https:\/\/www.vintouraine.com\/en\/produit\/clef-de-sol-2018\/#breadcrumb"},"inLanguage":"en-US","potentialAction":[{"@type":"ReadAction","target":["https:\/\/www.vintouraine.com\/en\/produit\/clef-de-sol-2018\/"]}]},{"@type":"ImageObject","inLanguage":"en-US","@id":"https:\/\/www.vintouraine.com\/en\/produit\/clef-de-sol-2018\/#primaryimage","url":"https:\/\/www.vintouraine.com\/wp-content\/uploads\/2020\/11\/La-Grange-Tiphaine_Clef-de-sol-rouge-detoure.jpg","contentUrl":"https:\/\/www.vintouraine.com\/wp-content\/uploads\/2020\/11\/La-Grange-Tiphaine_Clef-de-sol-rouge-detoure.jpg","width":360,"height":285},{"@type":"BreadcrumbList","@id":"https:\/\/www.vintouraine.com\/en\/produit\/clef-de-sol-2018\/#breadcrumb","itemListElement":[{"@type":"ListItem","position":1,"name":"Home","item":"https:\/\/vintouraine.com\/en\/"},{"@type":"ListItem","position":2,"name":"Boutique","item":"https:\/\/www.vintouraine.com\/boutique\/"},{"@type":"ListItem","position":3,"name":"CLEF DE SOL 2018"}]},{"@type":"WebSite","@id":"https:\/\/vintouraine.com\/#website","url":"https:\/\/vintouraine.com\/","name":"AOC Touraine Val de Loire","description":"","publisher":{"@id":"https:\/\/vintouraine.com\/#organization"},"potentialAction":[{"@type":"SearchAction","target":{"@type":"EntryPoint","urlTemplate":"https:\/\/vintouraine.com\/?s={search_term_string}"},"query-input":{"@type":"PropertyValueSpecification","valueRequired":true,"valueName":"search_term_string"}}],"inLanguage":"en-US"},{"@type":"Organization","@id":"https:\/\/vintouraine.com\/#organization","name":"AOC TOURAINE","url":"https:\/\/vintouraine.com\/","logo":{"@type":"ImageObject","inLanguage":"en-US","@id":"https:\/\/vintouraine.com\/#\/schema\/logo\/image\/","url":"https:\/\/www.vintouraine.com\/wp-content\/uploads\/2018\/05\/logo-aoc-touraine.png","contentUrl":"https:\/\/www.vintouraine.com\/wp-content\/uploads\/2018\/05\/logo-aoc-touraine.png","width":330,"height":85,"caption":"AOC TOURAINE"},"image":{"@id":"https:\/\/vintouraine.com\/#\/schema\/logo\/image\/"},"sameAs":["https:\/\/www.facebook.com\/aoctouraine\/","https:\/\/x.com\/AOCTouraine"]}]}},"_links":{"self":[{"href":"https:\/\/www.vintouraine.com\/en\/wp-json\/wp\/v2\/product\/5208\/"}],"collection":[{"href":"https:\/\/www.vintouraine.com\/en\/wp-json\/wp\/v2\/product\/"}],"about":[{"href":"https:\/\/www.vintouraine.com\/en\/wp-json\/wp\/v2\/types\/product\/"}],"wp:featuredmedia":[{"embeddable":true,"href":"https:\/\/www.vintouraine.com\/en\/wp-json\/wp\/v2\/media\/5165\/"}],"wp:attachment":[{"href":"https:\/\/www.vintouraine.com\/en\/wp-json\/wp\/v2\/media\/?parent=5208"}],"wp:term":[{"taxonomy":"product_brand","embeddable":true,"href":"https:\/\/www.vintouraine.com\/en\/wp-json\/wp\/v2\/product_brand\/?post=5208"},{"taxonomy":"product_cat","embeddable":true,"href":"https:\/\/www.vintouraine.com\/en\/wp-json\/wp\/v2\/product_cat\/?post=5208"},{"taxonomy":"product_tag","embeddable":true,"href":"https:\/\/www.vintouraine.com\/en\/wp-json\/wp\/v2\/product_tag\/?post=5208"}],"curies":[{"name":"wp","href":"https:\/\/api.w.org\/{rel}","templated":true}]}}