{"id":5209,"date":"2020-11-09T12:10:45","date_gmt":"2020-11-09T11:10:45","guid":{"rendered":"https:\/\/www.vintouraine.com\/?post_type=product&#038;p=5209"},"modified":"2022-05-16T17:21:39","modified_gmt":"2022-05-16T15:21:39","slug":"cot-vieilles-vignes-2018","status":"publish","type":"product","link":"https:\/\/www.vintouraine.com\/en\/produit\/cot-vieilles-vignes-2018\/","title":{"rendered":"C\u00d4T VIEILLES VIGNES 2018"},"content":{"rendered":"","protected":false},"excerpt":{"rendered":"<p><strong>Appellation&nbsp;:<\/strong> AOC Touraine Amboise<\/p>\n<p><strong>Couleur&nbsp;:<\/strong> Rouge<\/p>\n<p><strong>Descriptif&nbsp;:<br \/>\n<\/strong><span style=\"text-decoration: underline;\">C\u00e9page<\/span> : C\u00f4t<br \/>\n<span style=\"text-decoration: underline;\">En 3 mots<\/span> : tendresse de l\u2019\u00e2ge canonique<br \/>\n<span style=\"text-decoration: underline;\">Notre id\u00e9e de cette cuv\u00e9e<\/span> : Garder des ceps de plus de 100 ans est un choix que nous assumons avec fiert\u00e9. Ces vignes m\u00e2tures, pos\u00e9es et sages nous offrent un vin lui aussi d\u2019une grande sagesse, capable d\u2019exprimer les ar\u00f4mes du C\u00f4t avec beaucoup de distinction.<br \/>\n<span style=\"text-decoration: underline;\">Accord mets\/vin<\/span> : Le C\u00f4t Vieilles Vignes saura accompagner vos plats de viandes mijot\u00e9s, du gibier ou encore une belle viande rouge juteuse et tendre.<br \/>\n<span style=\"text-decoration: underline;\">Potentiel de garde<\/span> : 10 \u00e0 15 ans<br \/>\n<span style=\"text-decoration: underline;\">Conseil de service<\/span> : ouvrir 2h avant de le boire et le servir \u00e0 18\u00b0C<\/p>\n<p><strong>Lien vers site&nbsp;:<\/strong> <a href=\"http:\/\/www.lagrangetiphaine.com\/nos-vins\/cot-vieilles-vignes\/\" target=\"_blank\" rel=\"noopener noreferrer\">http:\/\/www.lagrangetiphaine.com\/nos-vins\/cot-vieilles-vignes\/<\/a><\/p>","protected":false},"featured_media":5167,"template":"","meta":{"_acf_changed":false,"ngg_post_thumbnail":0},"product_brand":[],"product_cat":[100],"product_tag":[],"class_list":{"0":"post-5209","1":"product","2":"type-product","3":"status-publish","4":"has-post-thumbnail","6":"product_cat-la-grange-tiphaine","8":"first","9":"outofstock","10":"taxable","11":"shipping-taxable","12":"purchasable","13":"product-type-simple"},"acf":[],"yoast_head":"<!-- This site is optimized with the Yoast SEO plugin v27.5 - https:\/\/yoast.com\/product\/yoast-seo-wordpress\/ -->\n<title>C\u00d4T VIEILLES VIGNES 2018 - AOC Touraine Val de Loire<\/title>\n<meta name=\"robots\" content=\"index, follow, max-snippet:-1, max-image-preview:large, max-video-preview:-1\" \/>\n<link rel=\"canonical\" href=\"https:\/\/vintouraine.com\/produit\/cot-vieilles-vignes-2018\/\" \/>\n<meta property=\"og:locale\" content=\"en_US\" \/>\n<meta property=\"og:type\" content=\"article\" \/>\n<meta property=\"og:title\" content=\"C\u00d4T VIEILLES VIGNES 2018 - AOC Touraine Val de Loire\" \/>\n<meta property=\"og:description\" content=\"Appellation&nbsp;: AOC Touraine Amboise  Couleur&nbsp;: Rouge  Descriptif&nbsp;: C\u00e9page : C\u00f4t En 3 mots : tendresse de l\u2019\u00e2ge canonique Notre id\u00e9e de cette cuv\u00e9e : Garder des ceps de plus de 100 ans est un choix que nous assumons avec fiert\u00e9. Ces vignes m\u00e2tures, pos\u00e9es et sages nous offrent un vin lui aussi d\u2019une grande sagesse, capable d\u2019exprimer les ar\u00f4mes du C\u00f4t avec beaucoup de distinction. Accord mets\/vin : Le C\u00f4t Vieilles Vignes saura accompagner vos plats de viandes mijot\u00e9s, du gibier ou encore une belle viande rouge juteuse et tendre. Potentiel de garde : 10 \u00e0 15 ans Conseil de service : ouvrir 2h avant de le boire et le servir \u00e0 18\u00b0C  Lien vers site&nbsp;: http:\/\/www.lagrangetiphaine.com\/nos-vins\/cot-vieilles-vignes\/\" \/>\n<meta property=\"og:url\" content=\"https:\/\/vintouraine.com\/produit\/cot-vieilles-vignes-2018\/\" \/>\n<meta property=\"og:site_name\" content=\"AOC Touraine Val de Loire\" \/>\n<meta property=\"article:publisher\" content=\"https:\/\/www.facebook.com\/aoctouraine\/\" \/>\n<meta property=\"article:modified_time\" content=\"2022-05-16T15:21:39+00:00\" \/>\n<meta property=\"og:image\" content=\"https:\/\/vintouraine.com\/wp-content\/uploads\/2020\/11\/La-Grange-Tiphaine_Cot-Vieilles-Vignes-detoure.jpg\" \/>\n\t<meta property=\"og:image:width\" content=\"360\" \/>\n\t<meta property=\"og:image:height\" content=\"285\" \/>\n\t<meta property=\"og:image:type\" content=\"image\/jpeg\" \/>\n<meta name=\"twitter:card\" content=\"summary_large_image\" \/>\n<meta name=\"twitter:site\" content=\"@AOCTouraine\" \/>\n<script type=\"application\/ld+json\" class=\"yoast-schema-graph\">{\"@context\":\"https:\\\/\\\/schema.org\",\"@graph\":[{\"@type\":\"WebPage\",\"@id\":\"https:\\\/\\\/vintouraine.com\\\/produit\\\/cot-vieilles-vignes-2018\\\/\",\"url\":\"https:\\\/\\\/vintouraine.com\\\/produit\\\/cot-vieilles-vignes-2018\\\/\",\"name\":\"C\u00d4T VIEILLES VIGNES 2018 - AOC Touraine Val de Loire\",\"isPartOf\":{\"@id\":\"https:\\\/\\\/vintouraine.com\\\/#website\"},\"primaryImageOfPage\":{\"@id\":\"https:\\\/\\\/vintouraine.com\\\/produit\\\/cot-vieilles-vignes-2018\\\/#primaryimage\"},\"image\":{\"@id\":\"https:\\\/\\\/vintouraine.com\\\/produit\\\/cot-vieilles-vignes-2018\\\/#primaryimage\"},\"thumbnailUrl\":\"https:\\\/\\\/www.vintouraine.com\\\/wp-content\\\/uploads\\\/2020\\\/11\\\/La-Grange-Tiphaine_Cot-Vieilles-Vignes-detoure.jpg\",\"datePublished\":\"2020-11-09T11:10:45+00:00\",\"dateModified\":\"2022-05-16T15:21:39+00:00\",\"breadcrumb\":{\"@id\":\"https:\\\/\\\/vintouraine.com\\\/produit\\\/cot-vieilles-vignes-2018\\\/#breadcrumb\"},\"inLanguage\":\"en-US\",\"potentialAction\":[{\"@type\":\"ReadAction\",\"target\":[\"https:\\\/\\\/vintouraine.com\\\/produit\\\/cot-vieilles-vignes-2018\\\/\"]}]},{\"@type\":\"ImageObject\",\"inLanguage\":\"en-US\",\"@id\":\"https:\\\/\\\/vintouraine.com\\\/produit\\\/cot-vieilles-vignes-2018\\\/#primaryimage\",\"url\":\"https:\\\/\\\/www.vintouraine.com\\\/wp-content\\\/uploads\\\/2020\\\/11\\\/La-Grange-Tiphaine_Cot-Vieilles-Vignes-detoure.jpg\",\"contentUrl\":\"https:\\\/\\\/www.vintouraine.com\\\/wp-content\\\/uploads\\\/2020\\\/11\\\/La-Grange-Tiphaine_Cot-Vieilles-Vignes-detoure.jpg\",\"width\":360,\"height\":285},{\"@type\":\"BreadcrumbList\",\"@id\":\"https:\\\/\\\/vintouraine.com\\\/produit\\\/cot-vieilles-vignes-2018\\\/#breadcrumb\",\"itemListElement\":[{\"@type\":\"ListItem\",\"position\":1,\"name\":\"Home\",\"item\":\"https:\\\/\\\/vintouraine.com\\\/en\\\/\"},{\"@type\":\"ListItem\",\"position\":2,\"name\":\"Boutique\",\"item\":\"https:\\\/\\\/www.vintouraine.com\\\/boutique\\\/\"},{\"@type\":\"ListItem\",\"position\":3,\"name\":\"C\u00d4T VIEILLES VIGNES 2018\"}]},{\"@type\":\"WebSite\",\"@id\":\"https:\\\/\\\/vintouraine.com\\\/#website\",\"url\":\"https:\\\/\\\/vintouraine.com\\\/\",\"name\":\"AOC Touraine Val de Loire\",\"description\":\"\",\"publisher\":{\"@id\":\"https:\\\/\\\/vintouraine.com\\\/#organization\"},\"potentialAction\":[{\"@type\":\"SearchAction\",\"target\":{\"@type\":\"EntryPoint\",\"urlTemplate\":\"https:\\\/\\\/vintouraine.com\\\/?s={search_term_string}\"},\"query-input\":{\"@type\":\"PropertyValueSpecification\",\"valueRequired\":true,\"valueName\":\"search_term_string\"}}],\"inLanguage\":\"en-US\"},{\"@type\":\"Organization\",\"@id\":\"https:\\\/\\\/vintouraine.com\\\/#organization\",\"name\":\"AOC TOURAINE\",\"url\":\"https:\\\/\\\/vintouraine.com\\\/\",\"logo\":{\"@type\":\"ImageObject\",\"inLanguage\":\"en-US\",\"@id\":\"https:\\\/\\\/vintouraine.com\\\/#\\\/schema\\\/logo\\\/image\\\/\",\"url\":\"https:\\\/\\\/www.vintouraine.com\\\/wp-content\\\/uploads\\\/2018\\\/05\\\/logo-aoc-touraine.png\",\"contentUrl\":\"https:\\\/\\\/www.vintouraine.com\\\/wp-content\\\/uploads\\\/2018\\\/05\\\/logo-aoc-touraine.png\",\"width\":330,\"height\":85,\"caption\":\"AOC TOURAINE\"},\"image\":{\"@id\":\"https:\\\/\\\/vintouraine.com\\\/#\\\/schema\\\/logo\\\/image\\\/\"},\"sameAs\":[\"https:\\\/\\\/www.facebook.com\\\/aoctouraine\\\/\",\"https:\\\/\\\/x.com\\\/AOCTouraine\"]}]}<\/script>\n<!-- \/ Yoast SEO plugin. -->","yoast_head_json":{"title":"C\u00d4T VIEILLES VIGNES 2018 - AOC Touraine Val de Loire","robots":{"index":"index","follow":"follow","max-snippet":"max-snippet:-1","max-image-preview":"max-image-preview:large","max-video-preview":"max-video-preview:-1"},"canonical":"https:\/\/vintouraine.com\/produit\/cot-vieilles-vignes-2018\/","og_locale":"en_US","og_type":"article","og_title":"C\u00d4T VIEILLES VIGNES 2018 - AOC Touraine Val de Loire","og_description":"Appellation&nbsp;: AOC Touraine Amboise  Couleur&nbsp;: Rouge  Descriptif&nbsp;: C\u00e9page : C\u00f4t En 3 mots : tendresse de l\u2019\u00e2ge canonique Notre id\u00e9e de cette cuv\u00e9e : Garder des ceps de plus de 100 ans est un choix que nous assumons avec fiert\u00e9. Ces vignes m\u00e2tures, pos\u00e9es et sages nous offrent un vin lui aussi d\u2019une grande sagesse, capable d\u2019exprimer les ar\u00f4mes du C\u00f4t avec beaucoup de distinction. Accord mets\/vin : Le C\u00f4t Vieilles Vignes saura accompagner vos plats de viandes mijot\u00e9s, du gibier ou encore une belle viande rouge juteuse et tendre. Potentiel de garde : 10 \u00e0 15 ans Conseil de service : ouvrir 2h avant de le boire et le servir \u00e0 18\u00b0C  Lien vers site&nbsp;: http:\/\/www.lagrangetiphaine.com\/nos-vins\/cot-vieilles-vignes\/","og_url":"https:\/\/vintouraine.com\/produit\/cot-vieilles-vignes-2018\/","og_site_name":"AOC Touraine Val de Loire","article_publisher":"https:\/\/www.facebook.com\/aoctouraine\/","article_modified_time":"2022-05-16T15:21:39+00:00","og_image":[{"width":360,"height":285,"url":"https:\/\/vintouraine.com\/wp-content\/uploads\/2020\/11\/La-Grange-Tiphaine_Cot-Vieilles-Vignes-detoure.jpg","type":"image\/jpeg"}],"twitter_card":"summary_large_image","twitter_site":"@AOCTouraine","schema":{"@context":"https:\/\/schema.org","@graph":[{"@type":"WebPage","@id":"https:\/\/vintouraine.com\/produit\/cot-vieilles-vignes-2018\/","url":"https:\/\/vintouraine.com\/produit\/cot-vieilles-vignes-2018\/","name":"C\u00d4T VIEILLES VIGNES 2018 - AOC Touraine Val de Loire","isPartOf":{"@id":"https:\/\/vintouraine.com\/#website"},"primaryImageOfPage":{"@id":"https:\/\/vintouraine.com\/produit\/cot-vieilles-vignes-2018\/#primaryimage"},"image":{"@id":"https:\/\/vintouraine.com\/produit\/cot-vieilles-vignes-2018\/#primaryimage"},"thumbnailUrl":"https:\/\/www.vintouraine.com\/wp-content\/uploads\/2020\/11\/La-Grange-Tiphaine_Cot-Vieilles-Vignes-detoure.jpg","datePublished":"2020-11-09T11:10:45+00:00","dateModified":"2022-05-16T15:21:39+00:00","breadcrumb":{"@id":"https:\/\/vintouraine.com\/produit\/cot-vieilles-vignes-2018\/#breadcrumb"},"inLanguage":"en-US","potentialAction":[{"@type":"ReadAction","target":["https:\/\/vintouraine.com\/produit\/cot-vieilles-vignes-2018\/"]}]},{"@type":"ImageObject","inLanguage":"en-US","@id":"https:\/\/vintouraine.com\/produit\/cot-vieilles-vignes-2018\/#primaryimage","url":"https:\/\/www.vintouraine.com\/wp-content\/uploads\/2020\/11\/La-Grange-Tiphaine_Cot-Vieilles-Vignes-detoure.jpg","contentUrl":"https:\/\/www.vintouraine.com\/wp-content\/uploads\/2020\/11\/La-Grange-Tiphaine_Cot-Vieilles-Vignes-detoure.jpg","width":360,"height":285},{"@type":"BreadcrumbList","@id":"https:\/\/vintouraine.com\/produit\/cot-vieilles-vignes-2018\/#breadcrumb","itemListElement":[{"@type":"ListItem","position":1,"name":"Home","item":"https:\/\/vintouraine.com\/en\/"},{"@type":"ListItem","position":2,"name":"Boutique","item":"https:\/\/www.vintouraine.com\/boutique\/"},{"@type":"ListItem","position":3,"name":"C\u00d4T VIEILLES VIGNES 2018"}]},{"@type":"WebSite","@id":"https:\/\/vintouraine.com\/#website","url":"https:\/\/vintouraine.com\/","name":"AOC Touraine Val de Loire","description":"","publisher":{"@id":"https:\/\/vintouraine.com\/#organization"},"potentialAction":[{"@type":"SearchAction","target":{"@type":"EntryPoint","urlTemplate":"https:\/\/vintouraine.com\/?s={search_term_string}"},"query-input":{"@type":"PropertyValueSpecification","valueRequired":true,"valueName":"search_term_string"}}],"inLanguage":"en-US"},{"@type":"Organization","@id":"https:\/\/vintouraine.com\/#organization","name":"AOC TOURAINE","url":"https:\/\/vintouraine.com\/","logo":{"@type":"ImageObject","inLanguage":"en-US","@id":"https:\/\/vintouraine.com\/#\/schema\/logo\/image\/","url":"https:\/\/www.vintouraine.com\/wp-content\/uploads\/2018\/05\/logo-aoc-touraine.png","contentUrl":"https:\/\/www.vintouraine.com\/wp-content\/uploads\/2018\/05\/logo-aoc-touraine.png","width":330,"height":85,"caption":"AOC TOURAINE"},"image":{"@id":"https:\/\/vintouraine.com\/#\/schema\/logo\/image\/"},"sameAs":["https:\/\/www.facebook.com\/aoctouraine\/","https:\/\/x.com\/AOCTouraine"]}]}},"_links":{"self":[{"href":"https:\/\/www.vintouraine.com\/en\/wp-json\/wp\/v2\/product\/5209\/"}],"collection":[{"href":"https:\/\/www.vintouraine.com\/en\/wp-json\/wp\/v2\/product\/"}],"about":[{"href":"https:\/\/www.vintouraine.com\/en\/wp-json\/wp\/v2\/types\/product\/"}],"wp:featuredmedia":[{"embeddable":true,"href":"https:\/\/www.vintouraine.com\/en\/wp-json\/wp\/v2\/media\/5167\/"}],"wp:attachment":[{"href":"https:\/\/www.vintouraine.com\/en\/wp-json\/wp\/v2\/media\/?parent=5209"}],"wp:term":[{"taxonomy":"product_brand","embeddable":true,"href":"https:\/\/www.vintouraine.com\/en\/wp-json\/wp\/v2\/product_brand\/?post=5209"},{"taxonomy":"product_cat","embeddable":true,"href":"https:\/\/www.vintouraine.com\/en\/wp-json\/wp\/v2\/product_cat\/?post=5209"},{"taxonomy":"product_tag","embeddable":true,"href":"https:\/\/www.vintouraine.com\/en\/wp-json\/wp\/v2\/product_tag\/?post=5209"}],"curies":[{"name":"wp","href":"https:\/\/api.w.org\/{rel}","templated":true}]}}