{"id":5210,"date":"2020-11-09T12:14:03","date_gmt":"2020-11-09T11:14:03","guid":{"rendered":"https:\/\/www.vintouraine.com\/?post_type=product&#038;p=5210"},"modified":"2022-05-16T17:21:37","modified_gmt":"2022-05-16T15:21:37","slug":"quatre-mains-2019","status":"publish","type":"product","link":"https:\/\/www.vintouraine.com\/en\/produit\/quatre-mains-2019\/","title":{"rendered":"QUATRE MAINS 2019"},"content":{"rendered":"","protected":false},"excerpt":{"rendered":"<p><strong>Appellation&nbsp;:<\/strong> AOC Touraine<\/p>\n<p><strong>Couleur&nbsp;:<\/strong> Blanc<\/p>\n<p><strong>Descriptif&nbsp;:<br \/>\n<\/strong><span style=\"text-decoration: underline;\">C\u00e9page<\/span> : Sauvignon<br \/>\n<span style=\"text-decoration: underline;\">En 3 mots<\/span> : excellence du terroir<br \/>\n<span style=\"text-decoration: underline;\">Notre id\u00e9e de cette cuv\u00e9e<\/span> : Quand le sauvignon rencontre un terroir de silex comme celui d\u2019Amboise, on sait qu\u2019un grand vin peut na\u00eetre. Quatre Mains est une cuv\u00e9e confidentielle, \u00e9lev\u00e9e avec ambition pour obtenir un vin rac\u00e9 et \u00e9l\u00e9gant. L\u2019expression d\u2019une osmose entre un c\u00e9page et son terroir de pr\u00e9dilection.<br \/>\n<span style=\"text-decoration: underline;\">Accord mets\/vin<\/span> : Ce vin complexe, apte \u00e0 la garde, saura accompagner vos poissons, viandes blanches et fromages de ch\u00e8vre.<br \/>\n<span style=\"text-decoration: underline;\">Potentiel de garde<\/span> : 5 \u00e0 10 ans<br \/>\n<span style=\"text-decoration: underline;\">Conseil de service<\/span> : ouvrir 2h avant de le boire et le servir \u00e0 10-12\u00b0C<\/p>\n<p><strong>Lien vers site&nbsp;:<\/strong> <a href=\"http:\/\/www.lagrangetiphaine.com\/nos-vins\/quatre-mains\/\" target=\"_blank\" rel=\"noopener noreferrer\">http:\/\/www.lagrangetiphaine.com\/nos-vins\/quatre-mains\/<\/a><\/p>","protected":false},"featured_media":5169,"template":"","meta":{"_acf_changed":false,"ngg_post_thumbnail":0},"product_brand":[],"product_cat":[100],"product_tag":[],"class_list":{"0":"post-5210","1":"product","2":"type-product","3":"status-publish","4":"has-post-thumbnail","6":"product_cat-la-grange-tiphaine","8":"first","9":"outofstock","10":"taxable","11":"shipping-taxable","12":"purchasable","13":"product-type-simple"},"acf":[],"yoast_head":"<!-- This site is optimized with the Yoast SEO plugin v27.5 - https:\/\/yoast.com\/product\/yoast-seo-wordpress\/ -->\n<title>QUATRE MAINS 2019 - AOC Touraine Val de Loire<\/title>\n<meta name=\"robots\" content=\"index, follow, max-snippet:-1, max-image-preview:large, max-video-preview:-1\" \/>\n<link rel=\"canonical\" href=\"https:\/\/www.vintouraine.com\/en\/produit\/quatre-mains-2019\/\" \/>\n<meta property=\"og:locale\" content=\"en_US\" \/>\n<meta property=\"og:type\" content=\"article\" \/>\n<meta property=\"og:title\" content=\"QUATRE MAINS 2019 - AOC Touraine Val de Loire\" \/>\n<meta property=\"og:description\" content=\"Appellation&nbsp;: AOC Touraine  Couleur&nbsp;: Blanc  Descriptif&nbsp;: C\u00e9page : Sauvignon En 3 mots : excellence du terroir Notre id\u00e9e de cette cuv\u00e9e : Quand le sauvignon rencontre un terroir de silex comme celui d\u2019Amboise, on sait qu\u2019un grand vin peut na\u00eetre. Quatre Mains est une cuv\u00e9e confidentielle, \u00e9lev\u00e9e avec ambition pour obtenir un vin rac\u00e9 et \u00e9l\u00e9gant. L\u2019expression d\u2019une osmose entre un c\u00e9page et son terroir de pr\u00e9dilection. Accord mets\/vin : Ce vin complexe, apte \u00e0 la garde, saura accompagner vos poissons, viandes blanches et fromages de ch\u00e8vre. Potentiel de garde : 5 \u00e0 10 ans Conseil de service : ouvrir 2h avant de le boire et le servir \u00e0 10-12\u00b0C  Lien vers site&nbsp;: http:\/\/www.lagrangetiphaine.com\/nos-vins\/quatre-mains\/\" \/>\n<meta property=\"og:url\" content=\"https:\/\/www.vintouraine.com\/produit\/quatre-mains-2019\/\" \/>\n<meta property=\"og:site_name\" content=\"AOC Touraine Val de Loire\" \/>\n<meta property=\"article:publisher\" content=\"https:\/\/www.facebook.com\/aoctouraine\/\" \/>\n<meta property=\"article:modified_time\" content=\"2022-05-16T15:21:37+00:00\" \/>\n<meta property=\"og:image\" content=\"https:\/\/www.vintouraine.com\/wp-content\/uploads\/2020\/11\/La-Grange-Tiphaine_Quatre-mains-detoure.jpg\" \/>\n\t<meta property=\"og:image:width\" content=\"360\" \/>\n\t<meta property=\"og:image:height\" content=\"285\" \/>\n\t<meta property=\"og:image:type\" content=\"image\/jpeg\" \/>\n<meta name=\"twitter:card\" content=\"summary_large_image\" \/>\n<meta name=\"twitter:site\" content=\"@AOCTouraine\" \/>\n<script type=\"application\/ld+json\" class=\"yoast-schema-graph\">{\"@context\":\"https:\\\/\\\/schema.org\",\"@graph\":[{\"@type\":\"WebPage\",\"@id\":\"https:\\\/\\\/www.vintouraine.com\\\/produit\\\/quatre-mains-2019\\\/\",\"url\":\"https:\\\/\\\/www.vintouraine.com\\\/produit\\\/quatre-mains-2019\\\/\",\"name\":\"QUATRE MAINS 2019 - AOC Touraine Val de Loire\",\"isPartOf\":{\"@id\":\"https:\\\/\\\/vintouraine.com\\\/#website\"},\"primaryImageOfPage\":{\"@id\":\"https:\\\/\\\/www.vintouraine.com\\\/produit\\\/quatre-mains-2019\\\/#primaryimage\"},\"image\":{\"@id\":\"https:\\\/\\\/www.vintouraine.com\\\/produit\\\/quatre-mains-2019\\\/#primaryimage\"},\"thumbnailUrl\":\"https:\\\/\\\/www.vintouraine.com\\\/wp-content\\\/uploads\\\/2020\\\/11\\\/La-Grange-Tiphaine_Quatre-mains-detoure.jpg\",\"datePublished\":\"2020-11-09T11:14:03+00:00\",\"dateModified\":\"2022-05-16T15:21:37+00:00\",\"breadcrumb\":{\"@id\":\"https:\\\/\\\/www.vintouraine.com\\\/produit\\\/quatre-mains-2019\\\/#breadcrumb\"},\"inLanguage\":\"en-US\",\"potentialAction\":[{\"@type\":\"ReadAction\",\"target\":[\"https:\\\/\\\/www.vintouraine.com\\\/produit\\\/quatre-mains-2019\\\/\"]}]},{\"@type\":\"ImageObject\",\"inLanguage\":\"en-US\",\"@id\":\"https:\\\/\\\/www.vintouraine.com\\\/produit\\\/quatre-mains-2019\\\/#primaryimage\",\"url\":\"https:\\\/\\\/www.vintouraine.com\\\/wp-content\\\/uploads\\\/2020\\\/11\\\/La-Grange-Tiphaine_Quatre-mains-detoure.jpg\",\"contentUrl\":\"https:\\\/\\\/www.vintouraine.com\\\/wp-content\\\/uploads\\\/2020\\\/11\\\/La-Grange-Tiphaine_Quatre-mains-detoure.jpg\",\"width\":360,\"height\":285},{\"@type\":\"BreadcrumbList\",\"@id\":\"https:\\\/\\\/www.vintouraine.com\\\/produit\\\/quatre-mains-2019\\\/#breadcrumb\",\"itemListElement\":[{\"@type\":\"ListItem\",\"position\":1,\"name\":\"Home\",\"item\":\"https:\\\/\\\/vintouraine.com\\\/en\\\/\"},{\"@type\":\"ListItem\",\"position\":2,\"name\":\"Boutique\",\"item\":\"https:\\\/\\\/www.vintouraine.com\\\/boutique\\\/\"},{\"@type\":\"ListItem\",\"position\":3,\"name\":\"QUATRE MAINS 2019\"}]},{\"@type\":\"WebSite\",\"@id\":\"https:\\\/\\\/vintouraine.com\\\/#website\",\"url\":\"https:\\\/\\\/vintouraine.com\\\/\",\"name\":\"AOC Touraine Val de Loire\",\"description\":\"\",\"publisher\":{\"@id\":\"https:\\\/\\\/vintouraine.com\\\/#organization\"},\"potentialAction\":[{\"@type\":\"SearchAction\",\"target\":{\"@type\":\"EntryPoint\",\"urlTemplate\":\"https:\\\/\\\/vintouraine.com\\\/?s={search_term_string}\"},\"query-input\":{\"@type\":\"PropertyValueSpecification\",\"valueRequired\":true,\"valueName\":\"search_term_string\"}}],\"inLanguage\":\"en-US\"},{\"@type\":\"Organization\",\"@id\":\"https:\\\/\\\/vintouraine.com\\\/#organization\",\"name\":\"AOC TOURAINE\",\"url\":\"https:\\\/\\\/vintouraine.com\\\/\",\"logo\":{\"@type\":\"ImageObject\",\"inLanguage\":\"en-US\",\"@id\":\"https:\\\/\\\/vintouraine.com\\\/#\\\/schema\\\/logo\\\/image\\\/\",\"url\":\"https:\\\/\\\/www.vintouraine.com\\\/wp-content\\\/uploads\\\/2018\\\/05\\\/logo-aoc-touraine.png\",\"contentUrl\":\"https:\\\/\\\/www.vintouraine.com\\\/wp-content\\\/uploads\\\/2018\\\/05\\\/logo-aoc-touraine.png\",\"width\":330,\"height\":85,\"caption\":\"AOC TOURAINE\"},\"image\":{\"@id\":\"https:\\\/\\\/vintouraine.com\\\/#\\\/schema\\\/logo\\\/image\\\/\"},\"sameAs\":[\"https:\\\/\\\/www.facebook.com\\\/aoctouraine\\\/\",\"https:\\\/\\\/x.com\\\/AOCTouraine\"]}]}<\/script>\n<!-- \/ Yoast SEO plugin. -->","yoast_head_json":{"title":"QUATRE MAINS 2019 - AOC Touraine Val de Loire","robots":{"index":"index","follow":"follow","max-snippet":"max-snippet:-1","max-image-preview":"max-image-preview:large","max-video-preview":"max-video-preview:-1"},"canonical":"https:\/\/www.vintouraine.com\/en\/produit\/quatre-mains-2019\/","og_locale":"en_US","og_type":"article","og_title":"QUATRE MAINS 2019 - AOC Touraine Val de Loire","og_description":"Appellation&nbsp;: AOC Touraine  Couleur&nbsp;: Blanc  Descriptif&nbsp;: C\u00e9page : Sauvignon En 3 mots : excellence du terroir Notre id\u00e9e de cette cuv\u00e9e : Quand le sauvignon rencontre un terroir de silex comme celui d\u2019Amboise, on sait qu\u2019un grand vin peut na\u00eetre. Quatre Mains est une cuv\u00e9e confidentielle, \u00e9lev\u00e9e avec ambition pour obtenir un vin rac\u00e9 et \u00e9l\u00e9gant. L\u2019expression d\u2019une osmose entre un c\u00e9page et son terroir de pr\u00e9dilection. Accord mets\/vin : Ce vin complexe, apte \u00e0 la garde, saura accompagner vos poissons, viandes blanches et fromages de ch\u00e8vre. Potentiel de garde : 5 \u00e0 10 ans Conseil de service : ouvrir 2h avant de le boire et le servir \u00e0 10-12\u00b0C  Lien vers site&nbsp;: http:\/\/www.lagrangetiphaine.com\/nos-vins\/quatre-mains\/","og_url":"https:\/\/www.vintouraine.com\/produit\/quatre-mains-2019\/","og_site_name":"AOC Touraine Val de Loire","article_publisher":"https:\/\/www.facebook.com\/aoctouraine\/","article_modified_time":"2022-05-16T15:21:37+00:00","og_image":[{"width":360,"height":285,"url":"https:\/\/www.vintouraine.com\/wp-content\/uploads\/2020\/11\/La-Grange-Tiphaine_Quatre-mains-detoure.jpg","type":"image\/jpeg"}],"twitter_card":"summary_large_image","twitter_site":"@AOCTouraine","schema":{"@context":"https:\/\/schema.org","@graph":[{"@type":"WebPage","@id":"https:\/\/www.vintouraine.com\/produit\/quatre-mains-2019\/","url":"https:\/\/www.vintouraine.com\/produit\/quatre-mains-2019\/","name":"QUATRE MAINS 2019 - AOC Touraine Val de Loire","isPartOf":{"@id":"https:\/\/vintouraine.com\/#website"},"primaryImageOfPage":{"@id":"https:\/\/www.vintouraine.com\/produit\/quatre-mains-2019\/#primaryimage"},"image":{"@id":"https:\/\/www.vintouraine.com\/produit\/quatre-mains-2019\/#primaryimage"},"thumbnailUrl":"https:\/\/www.vintouraine.com\/wp-content\/uploads\/2020\/11\/La-Grange-Tiphaine_Quatre-mains-detoure.jpg","datePublished":"2020-11-09T11:14:03+00:00","dateModified":"2022-05-16T15:21:37+00:00","breadcrumb":{"@id":"https:\/\/www.vintouraine.com\/produit\/quatre-mains-2019\/#breadcrumb"},"inLanguage":"en-US","potentialAction":[{"@type":"ReadAction","target":["https:\/\/www.vintouraine.com\/produit\/quatre-mains-2019\/"]}]},{"@type":"ImageObject","inLanguage":"en-US","@id":"https:\/\/www.vintouraine.com\/produit\/quatre-mains-2019\/#primaryimage","url":"https:\/\/www.vintouraine.com\/wp-content\/uploads\/2020\/11\/La-Grange-Tiphaine_Quatre-mains-detoure.jpg","contentUrl":"https:\/\/www.vintouraine.com\/wp-content\/uploads\/2020\/11\/La-Grange-Tiphaine_Quatre-mains-detoure.jpg","width":360,"height":285},{"@type":"BreadcrumbList","@id":"https:\/\/www.vintouraine.com\/produit\/quatre-mains-2019\/#breadcrumb","itemListElement":[{"@type":"ListItem","position":1,"name":"Home","item":"https:\/\/vintouraine.com\/en\/"},{"@type":"ListItem","position":2,"name":"Boutique","item":"https:\/\/www.vintouraine.com\/boutique\/"},{"@type":"ListItem","position":3,"name":"QUATRE MAINS 2019"}]},{"@type":"WebSite","@id":"https:\/\/vintouraine.com\/#website","url":"https:\/\/vintouraine.com\/","name":"AOC Touraine Val de Loire","description":"","publisher":{"@id":"https:\/\/vintouraine.com\/#organization"},"potentialAction":[{"@type":"SearchAction","target":{"@type":"EntryPoint","urlTemplate":"https:\/\/vintouraine.com\/?s={search_term_string}"},"query-input":{"@type":"PropertyValueSpecification","valueRequired":true,"valueName":"search_term_string"}}],"inLanguage":"en-US"},{"@type":"Organization","@id":"https:\/\/vintouraine.com\/#organization","name":"AOC TOURAINE","url":"https:\/\/vintouraine.com\/","logo":{"@type":"ImageObject","inLanguage":"en-US","@id":"https:\/\/vintouraine.com\/#\/schema\/logo\/image\/","url":"https:\/\/www.vintouraine.com\/wp-content\/uploads\/2018\/05\/logo-aoc-touraine.png","contentUrl":"https:\/\/www.vintouraine.com\/wp-content\/uploads\/2018\/05\/logo-aoc-touraine.png","width":330,"height":85,"caption":"AOC TOURAINE"},"image":{"@id":"https:\/\/vintouraine.com\/#\/schema\/logo\/image\/"},"sameAs":["https:\/\/www.facebook.com\/aoctouraine\/","https:\/\/x.com\/AOCTouraine"]}]}},"_links":{"self":[{"href":"https:\/\/www.vintouraine.com\/en\/wp-json\/wp\/v2\/product\/5210\/"}],"collection":[{"href":"https:\/\/www.vintouraine.com\/en\/wp-json\/wp\/v2\/product\/"}],"about":[{"href":"https:\/\/www.vintouraine.com\/en\/wp-json\/wp\/v2\/types\/product\/"}],"wp:featuredmedia":[{"embeddable":true,"href":"https:\/\/www.vintouraine.com\/en\/wp-json\/wp\/v2\/media\/5169\/"}],"wp:attachment":[{"href":"https:\/\/www.vintouraine.com\/en\/wp-json\/wp\/v2\/media\/?parent=5210"}],"wp:term":[{"taxonomy":"product_brand","embeddable":true,"href":"https:\/\/www.vintouraine.com\/en\/wp-json\/wp\/v2\/product_brand\/?post=5210"},{"taxonomy":"product_cat","embeddable":true,"href":"https:\/\/www.vintouraine.com\/en\/wp-json\/wp\/v2\/product_cat\/?post=5210"},{"taxonomy":"product_tag","embeddable":true,"href":"https:\/\/www.vintouraine.com\/en\/wp-json\/wp\/v2\/product_tag\/?post=5210"}],"curies":[{"name":"wp","href":"https:\/\/api.w.org\/{rel}","templated":true}]}}